{"id":6443,"date":"2019-06-12T22:07:56","date_gmt":"2022-01-22T16:38:13","guid":{"rendered":"https:\/\/www.shop4well.com\/shop\/borax-poudre-500g\/"},"modified":"2025-09-04T18:13:04","modified_gmt":"2025-09-04T16:13:04","slug":"borax-poudre-500g","status":"publish","type":"product","link":"https:\/\/www.shop4well.eu\/fr\/produkt\/borax-poudre-500g\/","title":{"rendered":"Borax Poudre 500g"},"content":{"rendered":"<p>[et_pb_section fb_built=&#8221;1&#8243; custom_padding_last_edited=&#8221;on|tablet&#8221; next_background_color=&#8221;#ffffff&#8221; admin_label=&#8221;Hero&#8221; _builder_version=&#8221;4.16&#8243; use_background_color_gradient=&#8221;on&#8221; background_color_gradient_type=&#8221;circular&#8221; background_color_gradient_direction_radial=&#8221;top right&#8221; background_color_gradient_stops=&#8221;rgba(255,255,255,0) 20%|rgba(1,77,183,0.9) 100%&#8221; background_color_gradient_overlays_image=&#8221;on&#8221; background_color_gradient_start=&#8221;rgba(255,255,255,0)&#8221; background_color_gradient_start_position=&#8221;20%&#8221; background_color_gradient_end=&#8221;rgba(1,77,183,0.9)&#8221; background_image=&#8221;https:\/\/www.shop4well.eu\/wp-content\/uploads\/2019\/10\/header_natur.jpg&#8221; custom_padding=&#8221;27px|0px|0px|0px|false|false&#8221; custom_padding_tablet=&#8221;50px||50px||true&#8221; custom_padding_phone=&#8221;|||&#8221; bottom_divider_style=&#8221;asymmetric&#8221; bottom_divider_height=&#8221;50px&#8221; bottom_divider_flip=&#8221;horizontal&#8221; bottom_divider_height_tablet=&#8221;90px&#8221; bottom_divider_height_phone=&#8221;80px&#8221; background_color_gradient_stops_tablet=&#8221;rgba(255,255,255,0) 20%|rgba(1,77,183,0.9) 100%&#8221; background_color_gradient_stops_phone=&#8221;rgba(255,255,255,0) 20%|rgba(1,77,183,0.9) 100%&#8221; global_module=&#8221;490&#8243; saved_tabs=&#8221;all&#8221; collapsed=&#8221;off&#8221; global_colors_info=&#8221;{}&#8221;][et_pb_row column_structure=&#8221;1_3,1_3,1_3&#8243; _builder_version=&#8221;4.16&#8243; custom_width_px=&#8221;1280px&#8221; global_colors_info=&#8221;{}&#8221;][et_pb_column type=&#8221;1_3&#8243; _builder_version=&#8221;4.16&#8243; custom_padding=&#8221;|||&#8221; global_colors_info=&#8221;{}&#8221; custom_padding__hover=&#8221;|||&#8221;][et_pb_text _builder_version=&#8221;4.16&#8243; text_font=&#8221;Montserrat||||||||&#8221; text_text_color=&#8221;rgba(255,255,255,0.7)&#8221; text_font_size=&#8221;20px&#8221; text_line_height=&#8221;1.8em&#8221; header_font=&#8221;Montserrat|700|||||||&#8221; header_font_size=&#8221;44px&#8221; header_line_height=&#8221;1.4em&#8221; header_6_font=&#8221;Montserrat|600||on|||||&#8221; header_6_text_color=&#8221;rgba(255,255,255,0.7)&#8221; header_6_font_size=&#8221;16px&#8221; header_6_letter_spacing=&#8221;2px&#8221; header_6_line_height=&#8221;1.5em&#8221; background_layout=&#8221;dark&#8221; max_width=&#8221;780px&#8221; text_font_size_tablet=&#8221;&#8221; text_font_size_phone=&#8221;15px&#8221; text_font_size_last_edited=&#8221;on|phone&#8221; header_font_size_tablet=&#8221;&#8221; header_font_size_phone=&#8221;28px&#8221; header_font_size_last_edited=&#8221;on|phone&#8221; global_colors_info=&#8221;{}&#8221;]<\/p>\n<p><img data-recalc-dims=\"1\" loading=\"lazy\" decoding=\"async\" src=\"https:\/\/i0.wp.com\/www.shop4well.eu\/wp-content\/uploads\/2019\/07\/Logo_shop4well.png?resize=258%2C145&#038;ssl=1\" alt=\"\" class=\"wp-image-125 alignnone size-full\" width=\"258\" height=\"145\"><\/p>\n<p>[\/et_pb_text][\/et_pb_column][et_pb_column type=&#8221;1_3&#8243; _builder_version=&#8221;4.16&#8243; global_colors_info=&#8221;{}&#8221;][et_pb_text _builder_version=&#8221;4.16&#8243; global_colors_info=&#8221;{}&#8221;]<\/p>\n<p><span style=\"color: #ffffff;\">Nous sommes fiers d&#8217;affirmer que 98 % des commandes sont livr\u00e9es dans les 3 jours ouvrables suivant la r\u00e9ception du paiement. Ceci s&#8217;applique \u00e9galement \u00e0 nos clients suisses.<\/span><\/p>\n<p>[\/et_pb_text][\/et_pb_column][et_pb_column type=&#8221;1_3&#8243; _builder_version=&#8221;4.16&#8243; global_colors_info=&#8221;{}&#8221;][et_pb_image src=&#8221;https:\/\/www.shop4well.eu\/wp-content\/uploads\/2020\/02\/Versand_kostenfreie_Lieferung.png&#8221; align=&#8221;center&#8221; _builder_version=&#8221;4.16&#8243; width=&#8221;100%&#8221; max_width=&#8221;45%&#8221; global_colors_info=&#8221;{}&#8221;][\/et_pb_image][\/et_pb_column][\/et_pb_row][\/et_pb_section][et_pb_section fb_built=&#8221;1&#8243; _builder_version=&#8221;4.16&#8243; custom_padding=&#8221;0px||||false|false&#8221; global_colors_info=&#8221;{}&#8221;][et_pb_row _builder_version=&#8221;4.16&#8243; background_size=&#8221;initial&#8221; background_position=&#8221;top_left&#8221; background_repeat=&#8221;repeat&#8221; width=&#8221;100%&#8221; custom_padding=&#8221;0px||0px||false|false&#8221; global_colors_info=&#8221;{}&#8221;][et_pb_column type=&#8221;4_4&#8243; _builder_version=&#8221;4.16&#8243; custom_padding=&#8221;|||&#8221; global_colors_info=&#8221;{}&#8221; custom_padding__hover=&#8221;|||&#8221;][et_pb_wc_breadcrumb _builder_version=&#8221;4.16&#8243; global_colors_info=&#8221;{}&#8221;][\/et_pb_wc_breadcrumb][et_pb_wc_cart_notice _builder_version=&#8221;4.16&#8243; global_colors_info=&#8221;{}&#8221;][\/et_pb_wc_cart_notice][\/et_pb_column][\/et_pb_row][et_pb_row column_structure=&#8221;1_2,1_2&#8243; _builder_version=&#8221;4.16&#8243; background_size=&#8221;initial&#8221; background_position=&#8221;top_left&#8221; background_repeat=&#8221;repeat&#8221; width=&#8221;100%&#8221; custom_padding=&#8221;0px||||false|false&#8221; global_colors_info=&#8221;{}&#8221;][et_pb_column type=&#8221;1_2&#8243; _builder_version=&#8221;4.16&#8243; custom_padding=&#8221;|||&#8221; global_colors_info=&#8221;{}&#8221; custom_padding__hover=&#8221;|||&#8221;][et_pb_wc_images _builder_version=&#8221;4.16&#8243; global_colors_info=&#8221;{}&#8221;][\/et_pb_wc_images][\/et_pb_column][et_pb_column type=&#8221;1_2&#8243; _builder_version=&#8221;4.16&#8243; custom_padding=&#8221;|||&#8221; global_colors_info=&#8221;{}&#8221; custom_padding__hover=&#8221;|||&#8221;][et_pb_wc_title _builder_version=&#8221;4.16&#8243; global_colors_info=&#8221;{}&#8221;][\/et_pb_wc_title][et_pb_wc_rating _builder_version=&#8221;4.16&#8243; global_colors_info=&#8221;{}&#8221;][\/et_pb_wc_rating][et_pb_wc_price _builder_version=&#8221;4.16&#8243; global_colors_info=&#8221;{}&#8221;][\/et_pb_wc_price][et_pb_wc_description _builder_version=&#8221;4.16&#8243; global_colors_info=&#8221;{}&#8221;][\/et_pb_wc_description][et_pb_wc_add_to_cart _builder_version=&#8221;4.16&#8243; global_colors_info=&#8221;{}&#8221;][\/et_pb_wc_add_to_cart][et_pb_wc_meta _builder_version=&#8221;4.16&#8243; global_colors_info=&#8221;{}&#8221;][\/et_pb_wc_meta][\/et_pb_column][\/et_pb_row][et_pb_row _builder_version=&#8221;4.16&#8243; background_size=&#8221;initial&#8221; background_position=&#8221;top_left&#8221; background_repeat=&#8221;repeat&#8221; width=&#8221;100%&#8221; global_colors_info=&#8221;{}&#8221;][et_pb_column type=&#8221;4_4&#8243; _builder_version=&#8221;4.16&#8243; custom_padding=&#8221;|||&#8221; global_colors_info=&#8221;{}&#8221; custom_padding__hover=&#8221;|||&#8221;][et_pb_wc_tabs _builder_version=&#8221;4.16&#8243; global_colors_info=&#8221;{}&#8221;]\t\t\t\t\t[\/et_pb_wc_tabs][et_pb_wc_upsells _builder_version=&#8221;4.16&#8243; global_colors_info=&#8221;{}&#8221;][\/et_pb_wc_upsells][et_pb_wc_related_products _builder_version=&#8221;4.16&#8243; global_colors_info=&#8221;{}&#8221;][\/et_pb_wc_related_products][\/et_pb_column][\/et_pb_row][\/et_pb_section]<\/p>\n","protected":false},"excerpt":{"rendered":"<div class=\"short-description std\">\n<p>Incl. TVA l\u00e9gale, livraison gratuite<\/p>\n<p><strong>Quantit\u00e9:<\/strong> 500g<\/p>\n<hr \/>\n<ul class=\"uldot\">\n<li>min. 99,9% de BORAX pur<\/li>\n<li>Une puret\u00e9 et une qualit\u00e9 in\u00e9gal\u00e9es<\/li>\n<li>Sans additifs<\/li>\n<li>Tr\u00e8s bon rapport qualit\u00e9\/prix<\/li>\n<\/ul>\n<hr \/>\n<\/div>\n<p><span class=\"text\"><strong>D\u00e9lai de livraison:<\/strong> seulement 1-3 jours ouvrables<br \/>\n<strong>Livraison gratuite<\/strong><br \/>\n<\/span><img loading=\"lazy\" decoding=\"async\" class=\"alignnone wp-image-215\" src=\"https:\/\/www.shop4well.eu\/wp-content\/uploads\/2019\/06\/swisspost_logo-300x88.png\" alt=\"\" width=\"146\" height=\"34\" \/><br \/>\n<strong>Modes de paiement:<\/strong><br \/>\n<img loading=\"lazy\" decoding=\"async\" class=\"alignnone wp-image-734 size-medium\" src=\"https:\/\/www.shop4well.eu\/wp-content\/uploads\/2020\/03\/visa_mc_ae-300x36.png\" alt=\"\" width=\"300\" height=\"36\" srcset=\"https:\/\/i0.wp.com\/www.shop4well.eu\/wp-content\/uploads\/2020\/03\/visa_mc_ae.png?resize=300%2C36&amp;ssl=1 300w, https:\/\/i0.wp.com\/www.shop4well.eu\/wp-content\/uploads\/2020\/03\/visa_mc_ae.png?w=397&amp;ssl=1 397w\" sizes=\"(max-width: 300px) 100vw, 300px\" \/><\/p>\n","protected":false},"featured_media":7219,"comment_status":"open","ping_status":"closed","template":"","meta":{"_et_pb_use_builder":"on","_et_pb_old_content":"<strong>Contenu:<\/strong> Borax (d\u00e9cahydrat\u00e9, t\u00e9traborate disodique)\r\n\r\n<strong>Stockage:<\/strong> \u00e9tanche \u00e0 l\u2019air, sec\r\n<h2>Info:<\/h2>\r\n<div class=\"section mcb-section mcb-section-fc08aafc6\">\r\n<div class=\"section_wrapper mcb-section-inner\">\r\n<div class=\"wrap mcb-wrap mcb-wrap-1ebbd4d29 one valign-top clearfix\">\r\n<div class=\"mcb-wrap-inner\">\r\n<div class=\"column mcb-column mcb-item-76df48a36 one-second column_column\">\r\n<div class=\"column_attr clearfix animate fadeIn\" data-anim-type=\"fadeIn\">\r\n<h3>Dans le cerveau, le bore est l\u2019oligo-\u00e9l\u00e9ment le plus abondant.<\/h3>\r\nCe fait n\u2019a pas re\u00e7u d\u2019importance jusqu\u2019\u00e0 pr\u00e9sent. En tant qu\u2019esprit protecteur mal compris, le bore r\u00e9side dans le corps humain \u00e0 des doses modestes - \u00e0 savoir \u00e0 0,2 ppm. Tout notre corps distribue et stocke le bore. La concentration la plus \u00e9lev\u00e9e se trouve dans les glandes parathyro\u00efdes, suivies de l\u2019\u00e9mail des os et des dents. Le bore est indispensable \u00e0 la sant\u00e9 des os et des articulations. Par son action sur les glandes parathyro\u00efdes, il r\u00e9gule l\u2019absorption et le m\u00e9tabolisme du calcium, du magn\u00e9sium et du phosphore. Cela signifie que le bore est tout aussi important pour les glandes parathyro\u00efdes que l\u2019iode l\u2019est pour la glande thyro\u00efde. Certains compos\u00e9s du bore sont probablement importants pour la formation des hormones et pour le m\u00e9tabolisme dans le cerveau. De plus, les ions bore jouent un r\u00f4le important dans la protection des cellules contre la p\u00e9n\u00e9tration d\u2019ions ind\u00e9sirables.\r\n<h4>La recherche a montr\u00e9 que des doses quotidiennes de trois milligrammes de bore compensent la perte de calcium de 40% en une semaine.<\/h4>\r\nLe bore r\u00e9duit l\u2019excr\u00e9tion de calcium et augmente ainsi le taux de calcium dans le sang. En cas de carence en magn\u00e9sium, le bore remplace sa fonction et augmente en m\u00eame temps la concentration de bore dans le tissu osseux. Dans l\u2019estomac, le borax r\u00e9agit avec l\u2019acide chlorhydrique pour former de l\u2019acide borique et du chlorure de sodium. Les compos\u00e9s du bore sont rapidement et presque compl\u00e8tement excr\u00e9t\u00e9s dans l\u2019urine. Le borax contient 11,3% de bore, tandis que l\u2019acide borique en contient 17,5%.\r\n\r\n<\/div>\r\n<\/div>\r\n<div class=\"column mcb-column mcb-item-2f48e4149 one-second column_column\">\r\n<div class=\"column_attr clearfix\"><\/div>\r\n<\/div>\r\n<div class=\"column mcb-column mcb-item-be92aa5e1 two-fifth column_image\">\r\n<div class=\"image_frame image_item no_link scale-with-grid no_border\">\r\n<div class=\"image_wrapper\"><\/div>\r\n<\/div>\r\n<\/div>\r\n<\/div>\r\n<\/div>\r\n<\/div>\r\n<\/div>\r\n<div class=\"section mcb-section mcb-section-1931efac9\">\r\n<div class=\"section_wrapper mcb-section-inner\">\r\n<div class=\"wrap mcb-wrap mcb-wrap-nydle22xy one-second valign-top clearfix\">\r\n<div class=\"mcb-wrap-inner\">\r\n<div class=\"column mcb-column mcb-item-0a6730460 one column_column\">\r\n<div class=\"column_attr clearfix\">\r\n<h3>L\u2019utilisation du borax pour les plaintes arthritiques<\/h3>\r\nL\u2019utilisation du borax chez les personnes souffrant d\u2019arthrose a produit de nombreux succ\u00e8s, en particulier en relation avec l\u2019\u00e9tude de Rex Newnham dans les ann\u00e9es 1980. Dans le cadre de ses recherches, un groupe de patients de moins de 75 ans qui souffraient d\u2019arthrose depuis moins de dix ans ont re\u00e7u des m\u00e9dicaments contenant du bore pendant un total de huit semaines \u00e0 l\u2019h\u00f4pital Royal Melbourne. La dose quotidienne de t\u00e9traborate de sodium d\u00e9cahydrat\u00e9 \u00e9tait de 55 mg. \u00c0 la fin des \u00e9tudes, 70% des patients ont montr\u00e9 une am\u00e9lioration de leurs sympt\u00f4mes - contre 12% du groupe placebo. L\u2019effet du m\u00e9dicament contenant du bore sur les os et les articulations s\u2019explique par l\u2019hyperactivit\u00e9 de la glande parathyro\u00efde, qui r\u00e9agit \u00e0 la carence en bore avec une s\u00e9cr\u00e9tion accrue d\u2019hormones. Ces hormones, \u00e0 leur tour, lib\u00e8rent du calcium des os et des articulations. En cons\u00e9quence, les niveaux de calcium dans le sang augmentent, augmentant le risque de calcification des tissus mous. En outre, les plaintes arthritiques et la raideur articulaire se produisent de pr\u00e9f\u00e9rence.\r\n<h3>Le bore pour la d\u00e9sintoxication des m\u00e9taux lourds ?<\/h3>\r\nEnfin, selon une \u00e9tude chinoise, le borax pourrait \u00e9galement \u00eatre utilis\u00e9 pour \u00e9liminer le fluor du corps. Le fluorure \u00e0 des concentrations \u00e9lev\u00e9es provoque des l\u00e9sions osseuses. Dans l\u2019\u00e9tude, 31 sujets souffrant de fluorose squelettique ont re\u00e7u des doses croissantes comprises entre 300 et 1100 mg de borax sur une p\u00e9riode de trois mois, avec une am\u00e9lioration de 50 \u00e0 80% des sympt\u00f4mes \u00e0 la fin du traitement.\r\n\r\nProduits connexes:<a href=\"https:\/\/www.shop4well.eu\/index.php\/produkt\/msmbor\/\"> www.shop4well.com\/index.php\/produkt\/msmbor\/<\/a>\r\nPlus d\u2019infos: <a href=\"https:\/\/www.gesunddankwissen.ch\/borax\/\">www.gesunddankwissen.ch\/borax\/<\/a>\r\n\r\n<\/div>\r\n<\/div>\r\n<\/div>\r\n<\/div>\r\n<\/div>\r\n<\/div>","_et_gb_content_width":""},"product_brand":[],"product_cat":[125,146],"product_tag":[],"class_list":{"0":"post-6443","1":"product","2":"type-product","3":"status-publish","4":"has-post-thumbnail","6":"product_cat-borax-bore","7":"product_cat-tous-les-produits","9":"first","10":"instock","11":"taxable","12":"shipping-taxable","13":"purchasable","14":"product-type-simple"},"yoast_head":"<!-- This site is optimized with the Yoast SEO plugin v26.6 - https:\/\/yoast.com\/wordpress\/plugins\/seo\/ -->\n<title>Borax Bore - Shop4well<\/title>\n<meta name=\"description\" content=\"Dans le cerveau, le t\u00e9traborate de borax bore sodique d\u00e9cahydrat\u00e9 est l\u2019oligo-\u00e9l\u00e9ment le plus abondant.\" \/>\n<meta name=\"robots\" content=\"index, follow, max-snippet:-1, max-image-preview:large, max-video-preview:-1\" \/>\n<link rel=\"canonical\" href=\"https:\/\/www.shop4well.eu\/en\/produkt\/borax-powder-500g\/\" \/>\n<meta property=\"og:locale\" content=\"fr_FR\" \/>\n<meta property=\"og:type\" content=\"article\" \/>\n<meta property=\"og:title\" content=\"Borax Bore - Shop4well\" \/>\n<meta property=\"og:description\" content=\"Dans le cerveau, le t\u00e9traborate de borax bore sodique d\u00e9cahydrat\u00e9 est l\u2019oligo-\u00e9l\u00e9ment le plus abondant.\" \/>\n<meta property=\"og:url\" content=\"https:\/\/www.shop4well.eu\/en\/produkt\/borax-powder-500g\/\" \/>\n<meta property=\"og:site_name\" content=\"shop4well\" \/>\n<meta property=\"article:modified_time\" content=\"2025-09-04T16:13:04+00:00\" \/>\n<meta property=\"og:image\" content=\"https:\/\/www.shop4well.eu\/wp-content\/uploads\/2019\/06\/borax_grau-4.jpg\" \/>\n\t<meta property=\"og:image:width\" content=\"768\" \/>\n\t<meta property=\"og:image:height\" content=\"768\" \/>\n\t<meta property=\"og:image:type\" content=\"image\/jpeg\" \/>\n<meta name=\"twitter:card\" content=\"summary_large_image\" \/>\n<meta name=\"twitter:label1\" content=\"Dur\u00e9e de lecture estim\u00e9e\" \/>\n\t<meta name=\"twitter:data1\" content=\"1 minute\" \/>\n<!-- \/ Yoast SEO plugin. -->","yoast_head_json":{"title":"Borax Bore - Shop4well","description":"Dans le cerveau, le t\u00e9traborate de borax bore sodique d\u00e9cahydrat\u00e9 est l\u2019oligo-\u00e9l\u00e9ment le plus abondant.","robots":{"index":"index","follow":"follow","max-snippet":"max-snippet:-1","max-image-preview":"max-image-preview:large","max-video-preview":"max-video-preview:-1"},"canonical":"https:\/\/www.shop4well.eu\/en\/produkt\/borax-powder-500g\/","og_locale":"fr_FR","og_type":"article","og_title":"Borax Bore - Shop4well","og_description":"Dans le cerveau, le t\u00e9traborate de borax bore sodique d\u00e9cahydrat\u00e9 est l\u2019oligo-\u00e9l\u00e9ment le plus abondant.","og_url":"https:\/\/www.shop4well.eu\/en\/produkt\/borax-powder-500g\/","og_site_name":"shop4well","article_modified_time":"2025-09-04T16:13:04+00:00","og_image":[{"width":768,"height":768,"url":"https:\/\/www.shop4well.eu\/wp-content\/uploads\/2019\/06\/borax_grau-4.jpg","type":"image\/jpeg"}],"twitter_card":"summary_large_image","twitter_misc":{"Dur\u00e9e de lecture estim\u00e9e":"1 minute"},"schema":{"@context":"https:\/\/schema.org","@graph":[{"@type":"WebPage","@id":"https:\/\/www.shop4well.eu\/en\/produkt\/borax-powder-500g\/","url":"https:\/\/www.shop4well.eu\/en\/produkt\/borax-powder-500g\/","name":"Borax Bore - Shop4well","isPartOf":{"@id":"https:\/\/www.shop4well.eu\/#website"},"primaryImageOfPage":{"@id":"https:\/\/www.shop4well.eu\/en\/produkt\/borax-powder-500g\/#primaryimage"},"image":{"@id":"https:\/\/www.shop4well.eu\/en\/produkt\/borax-powder-500g\/#primaryimage"},"thumbnailUrl":"https:\/\/i0.wp.com\/www.shop4well.eu\/wp-content\/uploads\/2019\/06\/borax_grau-4.jpg?fit=768%2C768&ssl=1","datePublished":"2022-01-22T16:38:13+00:00","dateModified":"2025-09-04T16:13:04+00:00","description":"Dans le cerveau, le t\u00e9traborate de borax bore sodique d\u00e9cahydrat\u00e9 est l\u2019oligo-\u00e9l\u00e9ment le plus abondant.","breadcrumb":{"@id":"https:\/\/www.shop4well.eu\/en\/produkt\/borax-powder-500g\/#breadcrumb"},"inLanguage":"fr-FR","potentialAction":[{"@type":"ReadAction","target":["https:\/\/www.shop4well.eu\/en\/produkt\/borax-powder-500g\/"]}]},{"@type":"ImageObject","inLanguage":"fr-FR","@id":"https:\/\/www.shop4well.eu\/en\/produkt\/borax-powder-500g\/#primaryimage","url":"https:\/\/i0.wp.com\/www.shop4well.eu\/wp-content\/uploads\/2019\/06\/borax_grau-4.jpg?fit=768%2C768&ssl=1","contentUrl":"https:\/\/i0.wp.com\/www.shop4well.eu\/wp-content\/uploads\/2019\/06\/borax_grau-4.jpg?fit=768%2C768&ssl=1","width":768,"height":768,"caption":"Borax Bor Boron shop4well.com"},{"@type":"BreadcrumbList","@id":"https:\/\/www.shop4well.eu\/en\/produkt\/borax-powder-500g\/#breadcrumb","itemListElement":[{"@type":"ListItem","position":1,"name":"Startseite","item":"https:\/\/www.shop4well.eu\/"},{"@type":"ListItem","position":2,"name":"shop4well","item":"https:\/\/www.shop4well.eu\/"},{"@type":"ListItem","position":3,"name":"Borax Poudre 500g"}]},{"@type":"WebSite","@id":"https:\/\/www.shop4well.eu\/#website","url":"https:\/\/www.shop4well.eu\/","name":"shop4well","description":"Shop f\u00fcr Nahrungserg\u00e4nungsmittel - nutritional supplements","publisher":{"@id":"https:\/\/www.shop4well.eu\/#organization"},"potentialAction":[{"@type":"SearchAction","target":{"@type":"EntryPoint","urlTemplate":"https:\/\/www.shop4well.eu\/?s={search_term_string}"},"query-input":{"@type":"PropertyValueSpecification","valueRequired":true,"valueName":"search_term_string"}}],"inLanguage":"fr-FR"},{"@type":"Organization","@id":"https:\/\/www.shop4well.eu\/#organization","name":"shop4well.com","url":"https:\/\/www.shop4well.eu\/","logo":{"@type":"ImageObject","inLanguage":"fr-FR","@id":"https:\/\/www.shop4well.eu\/#\/schema\/logo\/image\/","url":"https:\/\/www.shop4well.eu\/wp-content\/uploads\/2019\/06\/logo_shop4well.png","contentUrl":"https:\/\/www.shop4well.eu\/wp-content\/uploads\/2019\/06\/logo_shop4well.png","width":258,"height":145,"caption":"shop4well.com"},"image":{"@id":"https:\/\/www.shop4well.eu\/#\/schema\/logo\/image\/"}}]}},"jetpack_sharing_enabled":true,"_links":{"self":[{"href":"https:\/\/www.shop4well.eu\/fr\/wp-json\/wp\/v2\/product\/6443","targetHints":{"allow":["GET"]}}],"collection":[{"href":"https:\/\/www.shop4well.eu\/fr\/wp-json\/wp\/v2\/product"}],"about":[{"href":"https:\/\/www.shop4well.eu\/fr\/wp-json\/wp\/v2\/types\/product"}],"replies":[{"embeddable":true,"href":"https:\/\/www.shop4well.eu\/fr\/wp-json\/wp\/v2\/comments?post=6443"}],"wp:featuredmedia":[{"embeddable":true,"href":"https:\/\/www.shop4well.eu\/fr\/wp-json\/wp\/v2\/media\/7219"}],"wp:attachment":[{"href":"https:\/\/www.shop4well.eu\/fr\/wp-json\/wp\/v2\/media?parent=6443"}],"wp:term":[{"taxonomy":"product_brand","embeddable":true,"href":"https:\/\/www.shop4well.eu\/fr\/wp-json\/wp\/v2\/product_brand?post=6443"},{"taxonomy":"product_cat","embeddable":true,"href":"https:\/\/www.shop4well.eu\/fr\/wp-json\/wp\/v2\/product_cat?post=6443"},{"taxonomy":"product_tag","embeddable":true,"href":"https:\/\/www.shop4well.eu\/fr\/wp-json\/wp\/v2\/product_tag?post=6443"}],"curies":[{"name":"wp","href":"https:\/\/api.w.org\/{rel}","templated":true}]}}