{"id":11801,"date":"2023-10-20T16:53:11","date_gmt":"2023-10-20T14:53:11","guid":{"rendered":"https:\/\/www.shop4well.com\/?post_type=product&#038;p=11801"},"modified":"2026-01-07T16:37:21","modified_gmt":"2026-01-07T15:37:21","slug":"amanite-mouche-amanita-muscaria-seche-30g","status":"publish","type":"product","link":"https:\/\/www.shop4well.eu\/fr\/produkt\/amanite-mouche-amanita-muscaria-seche-30g\/","title":{"rendered":"Amanite mouche (amanita muscaria) s\u00e9ch\u00e9 30g"},"content":{"rendered":"<p>[et_pb_section fb_built=&#8221;1&#8243; custom_padding_last_edited=&#8221;on|tablet&#8221; next_background_color=&#8221;#ffffff&#8221; admin_label=&#8221;Hero&#8221; _builder_version=&#8221;4.16&#8243; use_background_color_gradient=&#8221;on&#8221; background_color_gradient_type=&#8221;circular&#8221; background_color_gradient_direction_radial=&#8221;top right&#8221; background_color_gradient_stops=&#8221;rgba(255,255,255,0) 20%|rgba(1,77,183,0.9) 100%&#8221; background_color_gradient_overlays_image=&#8221;on&#8221; background_color_gradient_start=&#8221;rgba(255,255,255,0)&#8221; background_color_gradient_start_position=&#8221;20%&#8221; background_color_gradient_end=&#8221;rgba(1,77,183,0.9)&#8221; background_image=&#8221;https:\/\/www.shop4well.eu\/wp-content\/uploads\/2019\/10\/header_natur.jpg&#8221; custom_padding=&#8221;27px|0px|0px|0px|false|false&#8221; custom_padding_tablet=&#8221;50px||50px||true&#8221; custom_padding_phone=&#8221;|||&#8221; bottom_divider_style=&#8221;asymmetric&#8221; bottom_divider_height=&#8221;50px&#8221; bottom_divider_flip=&#8221;horizontal&#8221; bottom_divider_height_tablet=&#8221;90px&#8221; bottom_divider_height_phone=&#8221;80px&#8221; background_color_gradient_stops_tablet=&#8221;rgba(255,255,255,0) 20%|rgba(1,77,183,0.9) 100%&#8221; background_color_gradient_stops_phone=&#8221;rgba(255,255,255,0) 20%|rgba(1,77,183,0.9) 100%&#8221; global_module=&#8221;490&#8243; saved_tabs=&#8221;all&#8221; collapsed=&#8221;off&#8221; global_colors_info=&#8221;{}&#8221;][et_pb_row column_structure=&#8221;1_3,1_3,1_3&#8243; _builder_version=&#8221;4.16&#8243; custom_width_px=&#8221;1280px&#8221; global_colors_info=&#8221;{}&#8221;][et_pb_column type=&#8221;1_3&#8243; _builder_version=&#8221;4.16&#8243; custom_padding=&#8221;|||&#8221; global_colors_info=&#8221;{}&#8221; custom_padding__hover=&#8221;|||&#8221;][et_pb_text admin_label=&#8221;Text&#8221; _builder_version=&#8221;4.24.2&#8243; text_font=&#8221;Montserrat||||||||&#8221; text_text_color=&#8221;rgba(255,255,255,0.7)&#8221; text_font_size=&#8221;20px&#8221; text_line_height=&#8221;1.8em&#8221; header_font=&#8221;Montserrat|700|||||||&#8221; header_font_size=&#8221;44px&#8221; header_line_height=&#8221;1.4em&#8221; header_6_font=&#8221;Montserrat|600||on|||||&#8221; header_6_text_color=&#8221;rgba(255,255,255,0.7)&#8221; header_6_font_size=&#8221;16px&#8221; header_6_letter_spacing=&#8221;2px&#8221; header_6_line_height=&#8221;1.5em&#8221; background_layout=&#8221;dark&#8221; max_width=&#8221;780px&#8221; text_font_size_tablet=&#8221;&#8221; text_font_size_phone=&#8221;15px&#8221; text_font_size_last_edited=&#8221;on|phone&#8221; header_font_size_tablet=&#8221;&#8221; header_font_size_phone=&#8221;28px&#8221; header_font_size_last_edited=&#8221;on|phone&#8221; global_colors_info=&#8221;{}&#8221;]<\/p>\n<p><img data-recalc-dims=\"1\" loading=\"lazy\" decoding=\"async\" class=\"wp-image-13259 size-full\" src=\"https:\/\/i0.wp.com\/www.shop4well.eu\/wp-content\/uploads\/2024\/04\/Logo_shop4well-1.png?resize=258%2C145&#038;ssl=1\" alt=\"Logo_shop4well weiss\" width=\"258\" height=\"145\" \/><\/p>\n<p>[\/et_pb_text][\/et_pb_column][et_pb_column type=&#8221;1_3&#8243; _builder_version=&#8221;4.16&#8243; global_colors_info=&#8221;{}&#8221;][et_pb_text _builder_version=&#8221;4.16&#8243; custom_padding=&#8221;||50px|||&#8221; global_colors_info=&#8221;{}&#8221;]<\/p>\n<p><span style=\"font-size: large;\"><strong><span style=\"color: #fcfcfc;\">Livraison gratuite dans l&#8217;UE <\/span><\/strong><\/span><\/p>\n<p><span style=\"font-size: large;\"><strong><span style=\"color: #fcfcfc;\">sans taxe<\/span><\/strong><\/span><\/p>\n<p><span style=\"font-size: large;\"><strong><span style=\"color: #fcfcfc;\">Versand innert 48 Stunden<\/span><\/strong><\/span><\/p>\n<p>\u00a0<\/p>\n<p>[\/et_pb_text][\/et_pb_column][et_pb_column type=&#8221;1_3&#8243; _builder_version=&#8221;4.16&#8243; global_colors_info=&#8221;{}&#8221;][et_pb_image src=&#8221;https:\/\/www.shop4well.eu\/wp-content\/uploads\/2022\/04\/48h_apost_zollfrei.png&#8221; alt=&#8221;48h_apost_zollfrei&#8221; title_text=&#8221;48h_apost_zollfrei&#8221; align=&#8221;center&#8221; src_tablet=&#8221;&#8221; src_phone=&#8221;&#8221; src_last_edited=&#8221;on|phone&#8221; _builder_version=&#8221;4.16&#8243; width=&#8221;100%&#8221; max_width=&#8221;45%&#8221; global_colors_info=&#8221;{}&#8221;][\/et_pb_image][\/et_pb_column][\/et_pb_row][\/et_pb_section][et_pb_section fb_built=&#8221;1&#8243; _builder_version=&#8221;4.16&#8243; custom_padding=&#8221;0px||||false|false&#8221; global_colors_info=&#8221;{}&#8221;][et_pb_row _builder_version=&#8221;4.16&#8243; background_size=&#8221;initial&#8221; background_position=&#8221;top_left&#8221; background_repeat=&#8221;repeat&#8221; width=&#8221;100%&#8221; custom_padding=&#8221;0px||0px||false|false&#8221; global_colors_info=&#8221;{}&#8221;][et_pb_column type=&#8221;4_4&#8243; _builder_version=&#8221;4.16&#8243; custom_padding=&#8221;|||&#8221; global_colors_info=&#8221;{}&#8221; custom_padding__hover=&#8221;|||&#8221;][et_pb_wc_breadcrumb _builder_version=&#8221;4.16&#8243; global_colors_info=&#8221;{}&#8221;][\/et_pb_wc_breadcrumb][et_pb_wc_cart_notice _builder_version=&#8221;4.16&#8243; global_colors_info=&#8221;{}&#8221;][\/et_pb_wc_cart_notice][\/et_pb_column][\/et_pb_row][et_pb_row column_structure=&#8221;1_2,1_2&#8243; _builder_version=&#8221;4.16&#8243; background_size=&#8221;initial&#8221; background_position=&#8221;top_left&#8221; background_repeat=&#8221;repeat&#8221; width=&#8221;100%&#8221; custom_padding=&#8221;0px||||false|false&#8221; global_colors_info=&#8221;{}&#8221;][et_pb_column type=&#8221;1_2&#8243; _builder_version=&#8221;4.16&#8243; custom_padding=&#8221;|||&#8221; global_colors_info=&#8221;{}&#8221; custom_padding__hover=&#8221;|||&#8221;][et_pb_wc_images _builder_version=&#8221;4.16&#8243; global_colors_info=&#8221;{}&#8221;][\/et_pb_wc_images][\/et_pb_column][et_pb_column type=&#8221;1_2&#8243; _builder_version=&#8221;4.16&#8243; custom_padding=&#8221;|||&#8221; global_colors_info=&#8221;{}&#8221; custom_padding__hover=&#8221;|||&#8221;][et_pb_wc_title _builder_version=&#8221;4.16&#8243; global_colors_info=&#8221;{}&#8221;][\/et_pb_wc_title][et_pb_wc_rating _builder_version=&#8221;4.16&#8243; global_colors_info=&#8221;{}&#8221;][\/et_pb_wc_rating][et_pb_wc_price _builder_version=&#8221;4.16&#8243; global_colors_info=&#8221;{}&#8221;][\/et_pb_wc_price][et_pb_wc_description _builder_version=&#8221;4.16&#8243; global_colors_info=&#8221;{}&#8221;][\/et_pb_wc_description][et_pb_wc_add_to_cart _builder_version=&#8221;4.16&#8243; global_colors_info=&#8221;{}&#8221;][\/et_pb_wc_add_to_cart][et_pb_wc_meta _builder_version=&#8221;4.16&#8243; global_colors_info=&#8221;{}&#8221;][\/et_pb_wc_meta][\/et_pb_column][\/et_pb_row][et_pb_row _builder_version=&#8221;4.16&#8243; background_size=&#8221;initial&#8221; background_position=&#8221;top_left&#8221; background_repeat=&#8221;repeat&#8221; width=&#8221;100%&#8221; global_colors_info=&#8221;{}&#8221;][et_pb_column type=&#8221;4_4&#8243; _builder_version=&#8221;4.16&#8243; custom_padding=&#8221;|||&#8221; global_colors_info=&#8221;{}&#8221; custom_padding__hover=&#8221;|||&#8221;][et_pb_wc_tabs _builder_version=&#8221;4.16&#8243; global_colors_info=&#8221;{}&#8221;]\t\t\t\t\t[\/et_pb_wc_tabs][et_pb_wc_upsells _builder_version=&#8221;4.16&#8243; global_colors_info=&#8221;{}&#8221;][\/et_pb_wc_upsells][et_pb_wc_related_products _builder_version=&#8221;4.16&#8243; global_colors_info=&#8221;{}&#8221;][\/et_pb_wc_related_products][\/et_pb_column][\/et_pb_row][\/et_pb_section]<\/p>\n","protected":false},"excerpt":{"rendered":"<p>TVA l\u00e9gale incluse, frais de port offerts<\/p>\n<p><strong>Quantit\u00e9:<\/strong> 30g<\/p>\n<hr \/>\n<ul>\n<li>30g d&#8217;amanite mouche (Amavita Muscaria) s\u00e9ch\u00e9 \u00e0 50 degr\u00e9s, emball\u00e9 sous vide<\/li>\n<li>Produit 100% naturel, d&#8217;origine sauvage<\/li>\n<li>r\u00e9colt\u00e9 par un collecteur local<\/li>\n<li>Origine : Suisse : (Canton de Berne, Canton de Fribourg, Canton du Jura)<\/li>\n<li>Livraison gratuite<\/li>\n<\/ul>\n<hr \/>\n<div class=\"row\">\n<div class=\"col-xs-12\">\n<div><span class=\"text\"><strong>D\u00e9lai de livraison:<\/strong> seulement 1-3 jours ouvrables<br \/>\n<strong>Livraison gratuite<\/strong><br \/>\n<\/span><img loading=\"lazy\" decoding=\"async\" class=\"alignnone wp-image-215\" src=\"https:\/\/www.shop4well.eu\/wp-content\/uploads\/2019\/06\/swisspost_logo-300x88.png\" alt=\"\" width=\"146\" height=\"34\" \/><br \/>\n<strong>Modes de paiement :<\/strong><br \/>\n<img loading=\"lazy\" decoding=\"async\" class=\"alignnone wp-image-734 size-medium\" src=\"https:\/\/www.shop4well.eu\/wp-content\/uploads\/2020\/03\/visa_mc_ae-300x36.png\" alt=\"\" width=\"300\" height=\"36\" srcset=\"https:\/\/i0.wp.com\/www.shop4well.eu\/wp-content\/uploads\/2020\/03\/visa_mc_ae.png?resize=300%2C36&amp;ssl=1 300w, https:\/\/i0.wp.com\/www.shop4well.eu\/wp-content\/uploads\/2020\/03\/visa_mc_ae.png?w=397&amp;ssl=1 397w\" sizes=\"(max-width: 300px) 100vw, 300px\" \/><\/div>\n<\/div>\n<\/div>\n<div class=\"row\">\n<div class=\"col-xs-12 col-sm-9\">\n<p class=\"shorten-phone\">\n<\/div>\n<\/div>\n","protected":false},"featured_media":11821,"comment_status":"open","ping_status":"closed","template":"","meta":{"_et_pb_use_builder":"on","_et_pb_old_content":"<h3>Amanite mouche (Amanita Muscaria) s\u00e9ch\u00e9 30g<\/h3>\r\nL'amanite mouche (Amanita muscaria) est un champignon frappant avec un aspect caract\u00e9ristique. Son chapeau rouge \u00e0 pois blancs est un trait distinctif. Le chapeau est souvent bomb\u00e9 et peut varier dans diff\u00e9rentes nuances de rouge ou d'orange. Les points blancs sont des restes de la volve fongique, une enveloppe qui recouvrait \u00e0 l'origine le champignon.\r\n\r\nLes amanites mouches se trouvent dans diverses parties du monde, en particulier dans les for\u00eats de conif\u00e8res et de feuillus. Ils poussent souvent en association avec des arbres comme le bouleau ou le pin.\r\n<h3>Aper\u00e7u des points forts :<\/h3>\r\n<ul>\r\n \t<li>Notre amanite mouche s\u00e9ch\u00e9, \u00e9galement appel\u00e9 Amanita Muscaria, est disponible en emballage sous vide. Pour que les champignons puissent \u00eatre s\u00e9ch\u00e9s plus uniform\u00e9ment, ils sont divis\u00e9s en morceaux plus petits. Seul le chapeau sans la tige est utilis\u00e9. Vous pouvez l'acheter en unit\u00e9s de 30 g dans notre boutique et le faire livrer facilement \u00e0 votre domicile. Nous s\u00e9chons les amanites mouches avec le plus grand soin.<\/li>\r\n<\/ul>\r\n<strong>Contenu:<\/strong> 30g d'amanite mouche s\u00e9ch\u00e9\r\n<strong>Ingr\u00e9dients:<\/strong> Aucun\r\n<strong>\r\nL'amanite mouche (Amanita Muscaria) n'est pas autoris\u00e9 comme aliment en Suisse et dans l'UE. <\/strong>\r\n<strong>Nous vendons nos amanites mouches express\u00e9ment pour le fumage ou \u00e0 des fins de d\u00e9coration.<\/strong>\r\n<div class=\"row\">\r\n<div class=\"col-xs-12 col-sm-9\"><\/div>\r\n<\/div>","_et_gb_content_width":""},"product_brand":[],"product_cat":[196,146],"product_tag":[],"class_list":{"0":"post-11801","1":"product","2":"type-product","3":"status-publish","4":"has-post-thumbnail","6":"product_cat-amanite-mouche-amanita-muscaria","7":"product_cat-tous-les-produits","9":"first","10":"instock","11":"taxable","12":"shipping-taxable","13":"purchasable","14":"product-type-simple"},"yoast_head":"<!-- This site is optimized with the Yoast SEO plugin v26.6 - https:\/\/yoast.com\/wordpress\/plugins\/seo\/ -->\n<title>Shop4well - amanite mouche s\u00e9ch\u00e9<\/title>\n<meta name=\"description\" content=\"L&#039;amanite mouche (Amanita muscaria) est un champignon frappant avec un aspect caract\u00e9ristique. Peut varier dans diff\u00e9rentes nuances de rouge.\" \/>\n<meta name=\"robots\" content=\"index, follow, max-snippet:-1, max-image-preview:large, max-video-preview:-1\" \/>\n<link rel=\"canonical\" href=\"https:\/\/www.shop4well.eu\/produkt\/fliegenpilz_getrocknet\/\" \/>\n<meta property=\"og:locale\" content=\"fr_FR\" \/>\n<meta property=\"og:type\" content=\"article\" \/>\n<meta property=\"og:title\" content=\"Shop4well - amanite mouche s\u00e9ch\u00e9\" \/>\n<meta property=\"og:description\" content=\"L&#039;amanite mouche (Amanita muscaria) est un champignon frappant avec un aspect caract\u00e9ristique. Peut varier dans diff\u00e9rentes nuances de rouge.\" \/>\n<meta property=\"og:url\" content=\"https:\/\/www.shop4well.eu\/produkt\/fliegenpilz_getrocknet\/\" \/>\n<meta property=\"og:site_name\" content=\"shop4well\" \/>\n<meta property=\"article:modified_time\" content=\"2026-01-07T15:37:21+00:00\" \/>\n<meta property=\"og:image\" content=\"https:\/\/www.shop4well.eu\/wp-content\/uploads\/2023\/10\/Fliegenpilz_getrocknet3-1.jpg\" \/>\n\t<meta property=\"og:image:width\" content=\"768\" \/>\n\t<meta property=\"og:image:height\" content=\"768\" \/>\n\t<meta property=\"og:image:type\" content=\"image\/jpeg\" \/>\n<meta name=\"twitter:card\" content=\"summary_large_image\" \/>\n<meta name=\"twitter:label1\" content=\"Dur\u00e9e de lecture estim\u00e9e\" \/>\n\t<meta name=\"twitter:data1\" content=\"4 minutes\" \/>\n<!-- \/ Yoast SEO plugin. -->","yoast_head_json":{"title":"Shop4well - amanite mouche s\u00e9ch\u00e9","description":"L'amanite mouche (Amanita muscaria) est un champignon frappant avec un aspect caract\u00e9ristique. Peut varier dans diff\u00e9rentes nuances de rouge.","robots":{"index":"index","follow":"follow","max-snippet":"max-snippet:-1","max-image-preview":"max-image-preview:large","max-video-preview":"max-video-preview:-1"},"canonical":"https:\/\/www.shop4well.eu\/produkt\/fliegenpilz_getrocknet\/","og_locale":"fr_FR","og_type":"article","og_title":"Shop4well - amanite mouche s\u00e9ch\u00e9","og_description":"L'amanite mouche (Amanita muscaria) est un champignon frappant avec un aspect caract\u00e9ristique. Peut varier dans diff\u00e9rentes nuances de rouge.","og_url":"https:\/\/www.shop4well.eu\/produkt\/fliegenpilz_getrocknet\/","og_site_name":"shop4well","article_modified_time":"2026-01-07T15:37:21+00:00","og_image":[{"width":768,"height":768,"url":"https:\/\/www.shop4well.eu\/wp-content\/uploads\/2023\/10\/Fliegenpilz_getrocknet3-1.jpg","type":"image\/jpeg"}],"twitter_card":"summary_large_image","twitter_misc":{"Dur\u00e9e de lecture estim\u00e9e":"4 minutes"},"schema":{"@context":"https:\/\/schema.org","@graph":[{"@type":"WebPage","@id":"https:\/\/www.shop4well.eu\/produkt\/fliegenpilz_getrocknet\/","url":"https:\/\/www.shop4well.eu\/produkt\/fliegenpilz_getrocknet\/","name":"Shop4well - amanite mouche s\u00e9ch\u00e9","isPartOf":{"@id":"https:\/\/www.shop4well.eu\/#website"},"primaryImageOfPage":{"@id":"https:\/\/www.shop4well.eu\/produkt\/fliegenpilz_getrocknet\/#primaryimage"},"image":{"@id":"https:\/\/www.shop4well.eu\/produkt\/fliegenpilz_getrocknet\/#primaryimage"},"thumbnailUrl":"https:\/\/i0.wp.com\/www.shop4well.eu\/wp-content\/uploads\/2023\/10\/Fliegenpilz_getrocknet3-1.jpg?fit=768%2C768&ssl=1","datePublished":"2023-10-20T14:53:11+00:00","dateModified":"2026-01-07T15:37:21+00:00","description":"L'amanite mouche (Amanita muscaria) est un champignon frappant avec un aspect caract\u00e9ristique. Peut varier dans diff\u00e9rentes nuances de rouge.","breadcrumb":{"@id":"https:\/\/www.shop4well.eu\/produkt\/fliegenpilz_getrocknet\/#breadcrumb"},"inLanguage":"fr-FR","potentialAction":[{"@type":"ReadAction","target":["https:\/\/www.shop4well.eu\/produkt\/fliegenpilz_getrocknet\/"]}]},{"@type":"ImageObject","inLanguage":"fr-FR","@id":"https:\/\/www.shop4well.eu\/produkt\/fliegenpilz_getrocknet\/#primaryimage","url":"https:\/\/i0.wp.com\/www.shop4well.eu\/wp-content\/uploads\/2023\/10\/Fliegenpilz_getrocknet3-1.jpg?fit=768%2C768&ssl=1","contentUrl":"https:\/\/i0.wp.com\/www.shop4well.eu\/wp-content\/uploads\/2023\/10\/Fliegenpilz_getrocknet3-1.jpg?fit=768%2C768&ssl=1","width":768,"height":768},{"@type":"BreadcrumbList","@id":"https:\/\/www.shop4well.eu\/produkt\/fliegenpilz_getrocknet\/#breadcrumb","itemListElement":[{"@type":"ListItem","position":1,"name":"Startseite","item":"https:\/\/www.shop4well.eu\/"},{"@type":"ListItem","position":2,"name":"shop4well","item":"https:\/\/www.shop4well.eu\/"},{"@type":"ListItem","position":3,"name":"Amanite mouche (amanita muscaria) s\u00e9ch\u00e9 30g"}]},{"@type":"WebSite","@id":"https:\/\/www.shop4well.eu\/#website","url":"https:\/\/www.shop4well.eu\/","name":"shop4well","description":"Shop f\u00fcr Nahrungserg\u00e4nungsmittel - nutritional supplements","publisher":{"@id":"https:\/\/www.shop4well.eu\/#organization"},"potentialAction":[{"@type":"SearchAction","target":{"@type":"EntryPoint","urlTemplate":"https:\/\/www.shop4well.eu\/?s={search_term_string}"},"query-input":{"@type":"PropertyValueSpecification","valueRequired":true,"valueName":"search_term_string"}}],"inLanguage":"fr-FR"},{"@type":"Organization","@id":"https:\/\/www.shop4well.eu\/#organization","name":"shop4well.com","url":"https:\/\/www.shop4well.eu\/","logo":{"@type":"ImageObject","inLanguage":"fr-FR","@id":"https:\/\/www.shop4well.eu\/#\/schema\/logo\/image\/","url":"https:\/\/www.shop4well.eu\/wp-content\/uploads\/2019\/06\/logo_shop4well.png","contentUrl":"https:\/\/www.shop4well.eu\/wp-content\/uploads\/2019\/06\/logo_shop4well.png","width":258,"height":145,"caption":"shop4well.com"},"image":{"@id":"https:\/\/www.shop4well.eu\/#\/schema\/logo\/image\/"}}]}},"jetpack_sharing_enabled":true,"_links":{"self":[{"href":"https:\/\/www.shop4well.eu\/fr\/wp-json\/wp\/v2\/product\/11801","targetHints":{"allow":["GET"]}}],"collection":[{"href":"https:\/\/www.shop4well.eu\/fr\/wp-json\/wp\/v2\/product"}],"about":[{"href":"https:\/\/www.shop4well.eu\/fr\/wp-json\/wp\/v2\/types\/product"}],"replies":[{"embeddable":true,"href":"https:\/\/www.shop4well.eu\/fr\/wp-json\/wp\/v2\/comments?post=11801"}],"wp:featuredmedia":[{"embeddable":true,"href":"https:\/\/www.shop4well.eu\/fr\/wp-json\/wp\/v2\/media\/11821"}],"wp:attachment":[{"href":"https:\/\/www.shop4well.eu\/fr\/wp-json\/wp\/v2\/media?parent=11801"}],"wp:term":[{"taxonomy":"product_brand","embeddable":true,"href":"https:\/\/www.shop4well.eu\/fr\/wp-json\/wp\/v2\/product_brand?post=11801"},{"taxonomy":"product_cat","embeddable":true,"href":"https:\/\/www.shop4well.eu\/fr\/wp-json\/wp\/v2\/product_cat?post=11801"},{"taxonomy":"product_tag","embeddable":true,"href":"https:\/\/www.shop4well.eu\/fr\/wp-json\/wp\/v2\/product_tag?post=11801"}],"curies":[{"name":"wp","href":"https:\/\/api.w.org\/{rel}","templated":true}]}}