{"id":3521,"date":"2021-06-17T20:06:24","date_gmt":"2021-06-17T18:06:24","guid":{"rendered":"https:\/\/www.shop4well.com\/info\/"},"modified":"2025-01-12T19:37:37","modified_gmt":"2025-01-12T18:37:37","slug":"info","status":"publish","type":"page","link":"https:\/\/www.shop4well.eu\/fr\/info\/","title":{"rendered":"Informations"},"content":{"rendered":"<p>[et_pb_section fb_built=&#8221;1&#8243; custom_padding_last_edited=&#8221;on|tablet&#8221; next_background_color=&#8221;#ffffff&#8221; admin_label=&#8221;Hero&#8221; _builder_version=&#8221;4.3.2&#8243; use_background_color_gradient=&#8221;on&#8221; background_color_gradient_start=&#8221;rgba(255,255,255,0)&#8221; background_color_gradient_end=&#8221;rgba(1,77,183,0.9)&#8221; background_color_gradient_type=&#8221;radial&#8221; background_color_gradient_direction_radial=&#8221;top right&#8221; background_color_gradient_start_position=&#8221;20%&#8221; background_color_gradient_overlays_image=&#8221;on&#8221; background_image=&#8221;https:\/\/www.shop4well.eu\/wp-content\/uploads\/2019\/10\/header_natur.jpg&#8221; custom_padding=&#8221;27px|0px|0px|0px|false|false&#8221; custom_padding_tablet=&#8221;50px||50px||true&#8221; custom_padding_phone=&#8221;|||&#8221; bottom_divider_style=&#8221;asymmetric&#8221; bottom_divider_height=&#8221;50px&#8221; bottom_divider_flip=&#8221;horizontal&#8221; bottom_divider_height_tablet=&#8221;90px&#8221; bottom_divider_height_phone=&#8221;80px&#8221; global_module=&#8221;490&#8243; saved_tabs=&#8221;all&#8221; collapsed=&#8221;off&#8221; global_colors_info=&#8221;{}&#8221;][et_pb_row column_structure=&#8221;1_3,1_3,1_3&#8243; _builder_version=&#8221;4.3.2&#8243; custom_width_px=&#8221;1280px&#8221; global_colors_info=&#8221;{}&#8221;][et_pb_column type=&#8221;1_3&#8243; _builder_version=&#8221;3.25&#8243; custom_padding=&#8221;|||&#8221; global_colors_info=&#8221;{}&#8221; custom_padding__hover=&#8221;|||&#8221;][et_pb_text admin_label=&#8221;Text&#8221; _builder_version=&#8221;4.14.4&#8243; text_font=&#8221;Montserrat||||||||&#8221; text_text_color=&#8221;rgba(255,255,255,0.7)&#8221; text_font_size=&#8221;20px&#8221; text_line_height=&#8221;1.8em&#8221; header_font=&#8221;Montserrat|700|||||||&#8221; header_font_size=&#8221;44px&#8221; header_line_height=&#8221;1.4em&#8221; header_6_font=&#8221;Montserrat|600||on|||||&#8221; header_6_text_color=&#8221;rgba(255,255,255,0.7)&#8221; header_6_font_size=&#8221;16px&#8221; header_6_letter_spacing=&#8221;2px&#8221; header_6_line_height=&#8221;1.5em&#8221; background_layout=&#8221;dark&#8221; max_width=&#8221;780px&#8221; text_font_size_tablet=&#8221;&#8221; text_font_size_phone=&#8221;15px&#8221; text_font_size_last_edited=&#8221;on|phone&#8221; header_font_size_tablet=&#8221;&#8221; header_font_size_phone=&#8221;28px&#8221; header_font_size_last_edited=&#8221;on|phone&#8221; global_colors_info=&#8221;{}&#8221;]<\/p>\n<p><img data-recalc-dims=\"1\" loading=\"lazy\" decoding=\"async\" class=\"wp-image-125 alignnone size-full\" src=\"https:\/\/i0.wp.com\/www.shop4well.eu\/wp-content\/uploads\/2019\/07\/Logo_shop4well.png?resize=258%2C145&#038;ssl=1\" alt=\"\" width=\"258\" height=\"145\" \/><\/p>\n<p>[\/et_pb_text][\/et_pb_column][et_pb_column type=&#8221;1_3&#8243; _builder_version=&#8221;4.4.1&#8243; global_colors_info=&#8221;{}&#8221;][et_pb_text _builder_version=&#8221;4.14.4&#8243; custom_padding=&#8221;||50px|||&#8221; global_colors_info=&#8221;{}&#8221;]<\/p>\n<p><span style=\"color: #fcfcfc;\">Wir sind stolz darauf, dass 98% aller Bestellungen innerhalb von 3 Werktagen nach Zahlungseingang beim Kunden eintreffen. Dies gilt auch f\u00fcr unsere Schweizer Kunden.<\/span><\/p>\n<p>[\/et_pb_text][\/et_pb_column][et_pb_column type=&#8221;1_3&#8243; _builder_version=&#8221;4.3.2&#8243; global_colors_info=&#8221;{}&#8221;][et_pb_image src=&#8221;https:\/\/www.shop4well.eu\/wp-content\/uploads\/2020\/02\/Versand_kostenfreie_Lieferung.png&#8221; alt=&#8221;Livraison gratuite&#8221; title_text=&#8221;Versand_kostenfreie_Lieferung&#8221; align=&#8221;center&#8221; _builder_version=&#8221;4.9.7&#8243; width=&#8221;100%&#8221; max_width=&#8221;45%&#8221; global_colors_info=&#8221;{}&#8221;][\/et_pb_image][\/et_pb_column][\/et_pb_row][\/et_pb_section][et_pb_section fb_built=&#8221;1&#8243; admin_label=&#8221;section&#8221; _builder_version=&#8221;3.22&#8243; global_colors_info=&#8221;{}&#8221;][et_pb_row admin_label=&#8221;rang\u00e9e&#8221; _builder_version=&#8221;3.25&#8243; background_size=&#8221;initial&#8221; background_position=&#8221;top_left&#8221; background_repeat=&#8221;repeat&#8221; global_colors_info=&#8221;{}&#8221;][et_pb_column type=&#8221;4_4&#8243; _builder_version=&#8221;3.25&#8243; custom_padding=&#8221;|||&#8221; global_colors_info=&#8221;{}&#8221; custom_padding__hover=&#8221;|||&#8221;][et_pb_text admin_label=&#8221;Text&#8221; _builder_version=&#8221;3.27.4&#8243; background_size=&#8221;initial&#8221; background_position=&#8221;top_left&#8221; background_repeat=&#8221;repeat&#8221; global_colors_info=&#8221;{}&#8221;]<\/p>\n<p> \u00dcBER WELL <\/p>\n<p>Hinter WELL steckt ein kleines Famili\u00e4res Team. Was uns miteinander verbindet, war eine Lebensstil, der Tage voller Energie einforderte. Tage, die von wenigen Pausen gepr\u00e4gt waren und Tage, in denen auch die Achtsamkeit gegen\u00fcber dem eigenen K\u00f6rper zweitrangig waren. Solche Phasen sind machbar, aber weder gesund noch mit Weitblick behaftet, was den eigenen K\u00f6rper betrifft. An einem der rar ges\u00e4ten gem\u00fctlichen Abende kamen wir auf das Thema \u201egesund Leben\u201c und stellten fest, dass wir viel zu wenig auf uns achteten, sondern im Alltag funktionierten. Neben der sportlichen Bet\u00e4tigung ist die Ern\u00e4hrung die wichtigste Komponente f\u00fcr einen gesunden Lebensstil. Jeden Tag frisch und biologisch zu kochen ist nicht nur ein Kosten- sondern auch ein Zeitfaktor, der nicht von jedermann realisiert werden kann.<\/p>\n<p>Bekanntlich sind Probleme daf\u00fcr da, um L\u00f6sungen zu finden. Unsere L\u00f6sung: hochwertige und bezahlbare Nahrungserg\u00e4nzungsmittel, die jeden Lebensstil optimal erg\u00e4nzen und unterst\u00fctzen k\u00f6nnen. Produkte, die ohne unn\u00f6tige Hilfsmittel auskommen. Produkte, die auf nat\u00fcrlichen Wirkstoffen basieren. Pure Produkte, wo nur das enthalten ist, was enthalten sein muss! Die Philosophie von WELL war geboren. <\/p>\n<\/p>\n<figure class=\"wp-block-image\"><img data-recalc-dims=\"1\" decoding=\"async\" src=\"https:\/\/i0.wp.com\/vitaminversand24.com\/mediafiles\/s360\/s360_viewboxes\/test1.png?w=1080&#038;ssl=1\" alt=\"\"\/><\/figure>\n<p><strong>Die Natur gibt was der Mensch ben\u00f6tigt<\/strong><\/p>\n<p>Wir<br \/>\nsind davon \u00fcberzeugt, dass die Natur alles f\u00fcr ein gesundes Leben bereitstellt<br \/>\nund man nichts gentechnisch oder synthetisch ver\u00e4ndern muss, um die Gesundheit<br \/>\nzu unterst\u00fctzen. Daher versuchen wir, wenn m\u00f6glich, naturgegebene Rohstoffe zu<br \/>\nverwenden, jedoch ohne die Natur auszubeuten. Stoffe, die in der Natur nur sehr<br \/>\nbegrenzt vorhanden sind, oder deren Wirkung nicht standardisiert werden kann,<br \/>\nwerden aus naturnahen Z\u00fcchtungen genommen, um eine gleichbleibende Qualit\u00e4t zu<br \/>\nsichern und nicht in die Natur einzugreifen. Die Rohstoffe w\u00e4hlen wir<br \/>\nsorgf\u00e4ltig aus und lassen sie in unabh\u00e4ngigen Laboren auf Reinheit und Qualit\u00e4t<br \/>\npr\u00fcfen.<\/p>\n<p><strong>Zusammen mit Experten<\/strong><\/p>\n<p>Alle Rohstoffe und Rezepturen w\u00e4hlen und entwickeln wir, zusammen mit Ern\u00e4hrungswissenschaftlern, \u00c4rzten, Apothekern, Sportlern speziellen Danke in die Schweiz an Paul Laciga jun. Um immer die bestm\u00f6gliche Qualit\u00e4t und Wirkung zu erzielen, beziehen wir altbew\u00e4hrtes Wissen und neue Studienlagen gleicherma\u00dfen in unsere Entwicklung.  <\/p>\n<figure class=\"wp-block-image\"><img data-recalc-dims=\"1\" decoding=\"async\" src=\"https:\/\/i0.wp.com\/vitaminversand24.com\/mediafiles\/s360\/s360_viewboxes\/test2.png?w=1080&#038;ssl=1\" alt=\"\"\/><\/figure>\n<figure class=\"wp-block-image\"><img data-recalc-dims=\"1\" decoding=\"async\" src=\"https:\/\/i0.wp.com\/vitaminversand24.com\/mediafiles\/s360\/s360_viewboxes\/test3.jpg?w=1080&#038;ssl=1\" alt=\"\"\/><\/figure>\n<p><strong>Kein Verzicht f\u00fcr die Qualit\u00e4t<\/strong><\/p>\n<p>Wir schauen nicht nur genau auf die<br \/>\nRohstoffe, die wir verwenden, sondern achten genauso auf Dinge, die wir nicht<br \/>\nin unseren Produkten haben wollen. So verzichten wir komplett auf k\u00fcnstliche<br \/>\nGeschmacksstoffe, Farbstoffe, Konservierungsstoffe und GMOs. Damit unsere<br \/>\nProdukte auch f\u00fcr sensible Menschen bek\u00f6mmlich sind, versuchen wir<br \/>\nweitestgehend auch auf Lactose, Fructose und Gluten zu verzichten. Als<br \/>\nF\u00fcllstoffe und Trennmittel werden nur unbedenkliche Zus\u00e4tze wie z.B. Reis<br \/>\nExtrakt und Mikrokristalline Cellulose eingesetzt, welche bei besonders<br \/>\nschwierigen Prozessen erforderlich sind. <\/p>\n<p>[\/et_pb_text][\/et_pb_column][\/et_pb_row][\/et_pb_section]<\/p>\n","protected":false},"excerpt":{"rendered":"<p>Wir sind stolz darauf, dass 98% aller Bestellungen innerhalb von 3 Werktagen nach Zahlungseingang beim Kunden eintreffen. Dies gilt auch f\u00fcr unsere Schweizer Kunden. \u00dcBER WELL Hinter WELL steckt ein kleines Famili\u00e4res Team. Was uns miteinander verbindet, war eine Lebensstil, der Tage voller Energie einforderte. Tage, die von wenigen Pausen gepr\u00e4gt waren und Tage, in [&hellip;]<\/p>\n","protected":false},"author":1,"featured_media":0,"parent":0,"menu_order":0,"comment_status":"closed","ping_status":"closed","template":"","meta":{"_et_pb_use_builder":"on","_et_pb_old_content":"","_et_gb_content_width":"","footnotes":""},"class_list":["post-3521","page","type-page","status-publish","hentry"],"yoast_head":"<!-- This site is optimized with the Yoast SEO plugin v26.6 - https:\/\/yoast.com\/wordpress\/plugins\/seo\/ -->\n<title>Shop4well - DMSO, Magnesium, CDL (Chlordioxid), Vitamin D3, Vitamin K2, Borax (Bor)<\/title>\n<meta name=\"description\" content=\"Shop4well shop f\u00fcr Nahrungserg\u00e4nzung. Viele Substanzen wie DMSO, verschiedenen Magnesiumformen, Sprays, CDL (Chlordioxid), Vitamin D3, Vitamin K2, Borax (Bor) und vieles mehr.\" \/>\n<meta name=\"robots\" content=\"index, follow, max-snippet:-1, max-image-preview:large, max-video-preview:-1\" \/>\n<link rel=\"canonical\" href=\"https:\/\/www.shop4well.eu\/infos\/\" \/>\n<meta property=\"og:locale\" content=\"fr_FR\" \/>\n<meta property=\"og:type\" content=\"article\" \/>\n<meta property=\"og:title\" content=\"Shop4well - DMSO, Magnesium, CDL (Chlordioxid), Vitamin D3, Vitamin K2, Borax (Bor)\" \/>\n<meta property=\"og:description\" content=\"Shop4well shop f\u00fcr Nahrungserg\u00e4nzung. Viele Substanzen wie DMSO, verschiedenen Magnesiumformen, Sprays, CDL (Chlordioxid), Vitamin D3, Vitamin K2, Borax (Bor) und vieles mehr.\" \/>\n<meta property=\"og:url\" content=\"https:\/\/www.shop4well.eu\/infos\/\" \/>\n<meta property=\"og:site_name\" content=\"shop4well\" \/>\n<meta property=\"article:modified_time\" content=\"2025-01-12T18:37:37+00:00\" \/>\n<meta property=\"og:image\" content=\"https:\/\/www.shop4well.eu\/wp-content\/uploads\/2019\/07\/Logo_shop4well.png\" \/>\n<meta name=\"twitter:card\" content=\"summary_large_image\" \/>\n<meta name=\"twitter:label1\" content=\"Dur\u00e9e de lecture estim\u00e9e\" \/>\n\t<meta name=\"twitter:data1\" content=\"4 minutes\" \/>\n<!-- \/ Yoast SEO plugin. -->","yoast_head_json":{"title":"Shop4well - DMSO, Magnesium, CDL (Chlordioxid), Vitamin D3, Vitamin K2, Borax (Bor)","description":"Shop4well shop f\u00fcr Nahrungserg\u00e4nzung. Viele Substanzen wie DMSO, verschiedenen Magnesiumformen, Sprays, CDL (Chlordioxid), Vitamin D3, Vitamin K2, Borax (Bor) und vieles mehr.","robots":{"index":"index","follow":"follow","max-snippet":"max-snippet:-1","max-image-preview":"max-image-preview:large","max-video-preview":"max-video-preview:-1"},"canonical":"https:\/\/www.shop4well.eu\/infos\/","og_locale":"fr_FR","og_type":"article","og_title":"Shop4well - DMSO, Magnesium, CDL (Chlordioxid), Vitamin D3, Vitamin K2, Borax (Bor)","og_description":"Shop4well shop f\u00fcr Nahrungserg\u00e4nzung. Viele Substanzen wie DMSO, verschiedenen Magnesiumformen, Sprays, CDL (Chlordioxid), Vitamin D3, Vitamin K2, Borax (Bor) und vieles mehr.","og_url":"https:\/\/www.shop4well.eu\/infos\/","og_site_name":"shop4well","article_modified_time":"2025-01-12T18:37:37+00:00","og_image":[{"url":"https:\/\/www.shop4well.eu\/wp-content\/uploads\/2019\/07\/Logo_shop4well.png","type":"","width":"","height":""}],"twitter_card":"summary_large_image","twitter_misc":{"Dur\u00e9e de lecture estim\u00e9e":"4 minutes"},"schema":{"@context":"https:\/\/schema.org","@graph":[{"@type":"WebPage","@id":"https:\/\/www.shop4well.eu\/infos\/","url":"https:\/\/www.shop4well.eu\/infos\/","name":"Shop4well - DMSO, Magnesium, CDL (Chlordioxid), Vitamin D3, Vitamin K2, Borax (Bor)","isPartOf":{"@id":"https:\/\/www.shop4well.eu\/#website"},"primaryImageOfPage":{"@id":"https:\/\/www.shop4well.eu\/infos\/#primaryimage"},"image":{"@id":"https:\/\/www.shop4well.eu\/infos\/#primaryimage"},"thumbnailUrl":"https:\/\/www.shop4well.eu\/wp-content\/uploads\/2019\/07\/Logo_shop4well.png","datePublished":"2021-06-17T18:06:24+00:00","dateModified":"2025-01-12T18:37:37+00:00","description":"Shop4well shop f\u00fcr Nahrungserg\u00e4nzung. Viele Substanzen wie DMSO, verschiedenen Magnesiumformen, Sprays, CDL (Chlordioxid), Vitamin D3, Vitamin K2, Borax (Bor) und vieles mehr.","breadcrumb":{"@id":"https:\/\/www.shop4well.eu\/infos\/#breadcrumb"},"inLanguage":"fr-FR","potentialAction":[{"@type":"ReadAction","target":["https:\/\/www.shop4well.eu\/infos\/"]}]},{"@type":"ImageObject","inLanguage":"fr-FR","@id":"https:\/\/www.shop4well.eu\/infos\/#primaryimage","url":"https:\/\/www.shop4well.eu\/wp-content\/uploads\/2019\/07\/Logo_shop4well.png","contentUrl":"https:\/\/www.shop4well.eu\/wp-content\/uploads\/2019\/07\/Logo_shop4well.png"},{"@type":"BreadcrumbList","@id":"https:\/\/www.shop4well.eu\/infos\/#breadcrumb","itemListElement":[{"@type":"ListItem","position":1,"name":"Startseite","item":"https:\/\/www.shop4well.eu\/"},{"@type":"ListItem","position":2,"name":"Informations"}]},{"@type":"WebSite","@id":"https:\/\/www.shop4well.eu\/#website","url":"https:\/\/www.shop4well.eu\/","name":"shop4well","description":"Shop f\u00fcr Nahrungserg\u00e4nungsmittel - nutritional supplements","publisher":{"@id":"https:\/\/www.shop4well.eu\/#organization"},"potentialAction":[{"@type":"SearchAction","target":{"@type":"EntryPoint","urlTemplate":"https:\/\/www.shop4well.eu\/?s={search_term_string}"},"query-input":{"@type":"PropertyValueSpecification","valueRequired":true,"valueName":"search_term_string"}}],"inLanguage":"fr-FR"},{"@type":"Organization","@id":"https:\/\/www.shop4well.eu\/#organization","name":"shop4well.com","url":"https:\/\/www.shop4well.eu\/","logo":{"@type":"ImageObject","inLanguage":"fr-FR","@id":"https:\/\/www.shop4well.eu\/#\/schema\/logo\/image\/","url":"https:\/\/www.shop4well.eu\/wp-content\/uploads\/2019\/06\/logo_shop4well.png","contentUrl":"https:\/\/www.shop4well.eu\/wp-content\/uploads\/2019\/06\/logo_shop4well.png","width":258,"height":145,"caption":"shop4well.com"},"image":{"@id":"https:\/\/www.shop4well.eu\/#\/schema\/logo\/image\/"}}]}},"jetpack_sharing_enabled":true,"_links":{"self":[{"href":"https:\/\/www.shop4well.eu\/fr\/wp-json\/wp\/v2\/pages\/3521","targetHints":{"allow":["GET"]}}],"collection":[{"href":"https:\/\/www.shop4well.eu\/fr\/wp-json\/wp\/v2\/pages"}],"about":[{"href":"https:\/\/www.shop4well.eu\/fr\/wp-json\/wp\/v2\/types\/page"}],"author":[{"embeddable":true,"href":"https:\/\/www.shop4well.eu\/fr\/wp-json\/wp\/v2\/users\/1"}],"replies":[{"embeddable":true,"href":"https:\/\/www.shop4well.eu\/fr\/wp-json\/wp\/v2\/comments?post=3521"}],"version-history":[{"count":9,"href":"https:\/\/www.shop4well.eu\/fr\/wp-json\/wp\/v2\/pages\/3521\/revisions"}],"predecessor-version":[{"id":13407,"href":"https:\/\/www.shop4well.eu\/fr\/wp-json\/wp\/v2\/pages\/3521\/revisions\/13407"}],"wp:attachment":[{"href":"https:\/\/www.shop4well.eu\/fr\/wp-json\/wp\/v2\/media?parent=3521"}],"curies":[{"name":"wp","href":"https:\/\/api.w.org\/{rel}","templated":true}]}}