{"id":3512,"date":"2021-06-17T20:04:47","date_gmt":"2021-06-17T18:04:47","guid":{"rendered":"https:\/\/www.shop4well.com\/mon-compte\/"},"modified":"2022-01-23T09:51:40","modified_gmt":"2022-01-23T08:51:40","slug":"mon-compte","status":"publish","type":"page","link":"https:\/\/www.shop4well.eu\/fr\/mon-compte\/","title":{"rendered":"Mon compte"},"content":{"rendered":"[et_pb_section fb_built=&#8221;1&#8243; custom_padding_last_edited=&#8221;on|tablet&#8221; next_background_color=&#8221;#ffffff&#8221; admin_label=&#8221;Hero&#8221; _builder_version=&#8221;4.3.2&#8243; use_background_color_gradient=&#8221;on&#8221; background_color_gradient_start=&#8221;rgba(255,255,255,0)&#8221; background_color_gradient_end=&#8221;rgba(1,77,183,0.9)&#8221; background_color_gradient_type=&#8221;radial&#8221; background_color_gradient_direction_radial=&#8221;top right&#8221; background_color_gradient_start_position=&#8221;20%&#8221; background_color_gradient_overlays_image=&#8221;on&#8221; background_image=&#8221;https:\/\/www.shop4well.eu\/wp-content\/uploads\/2019\/10\/header_natur.jpg&#8221; custom_padding=&#8221;27px|0px|0px|0px|false|false&#8221; custom_padding_tablet=&#8221;50px||50px||true&#8221; custom_padding_phone=&#8221;|||&#8221; bottom_divider_style=&#8221;asymmetric&#8221; bottom_divider_height=&#8221;50px&#8221; bottom_divider_flip=&#8221;horizontal&#8221; bottom_divider_height_tablet=&#8221;90px&#8221; bottom_divider_height_phone=&#8221;80px&#8221; global_module=&#8221;490&#8243; saved_tabs=&#8221;all&#8221; collapsed=&#8221;off&#8221; global_colors_info=&#8221;{}&#8221;][et_pb_row column_structure=&#8221;1_3,1_3,1_3&#8243; _builder_version=&#8221;4.3.2&#8243; custom_width_px=&#8221;1280px&#8221; global_colors_info=&#8221;{}&#8221;][et_pb_column type=&#8221;1_3&#8243; _builder_version=&#8221;3.25&#8243; custom_padding=&#8221;|||&#8221; global_colors_info=&#8221;{}&#8221; custom_padding__hover=&#8221;|||&#8221;][et_pb_text _builder_version=&#8221;4.3.2&#8243; text_font=&#8221;Montserrat||||||||&#8221; text_text_color=&#8221;rgba(255,255,255,0.7)&#8221; text_font_size=&#8221;20px&#8221; text_line_height=&#8221;1.8em&#8221; header_font=&#8221;Montserrat|700|||||||&#8221; header_font_size=&#8221;44px&#8221; header_line_height=&#8221;1.4em&#8221; header_6_font=&#8221;Montserrat|600||on|||||&#8221; header_6_text_color=&#8221;rgba(255,255,255,0.7)&#8221; header_6_font_size=&#8221;16px&#8221; header_6_letter_spacing=&#8221;2px&#8221; header_6_line_height=&#8221;1.5em&#8221; background_layout=&#8221;dark&#8221; max_width=&#8221;780px&#8221; text_font_size_tablet=&#8221;&#8221; text_font_size_phone=&#8221;15px&#8221; text_font_size_last_edited=&#8221;on|phone&#8221; header_font_size_tablet=&#8221;&#8221; header_font_size_phone=&#8221;28px&#8221; header_font_size_last_edited=&#8221;on|phone&#8221; global_colors_info=&#8221;{}&#8221;]<p><img data-recalc-dims=\"1\" loading=\"lazy\" decoding=\"async\" src=\"https:\/\/i0.wp.com\/www.shop4well.eu\/wp-content\/uploads\/2019\/07\/Logo_shop4well.png?resize=258%2C145&#038;ssl=1\" alt=\"\" class=\"wp-image-3343 alignnone size-full\" width=\"258\" height=\"145\"><\/p>[\/et_pb_text][\/et_pb_column][et_pb_column type=&#8221;1_3&#8243; _builder_version=&#8221;4.4.1&#8243; global_colors_info=&#8221;{}&#8221;][et_pb_text _builder_version=&#8221;4.4.1&#8243; global_colors_info=&#8221;{}&#8221;]<p><span style=\"color: #ffffff;\">Nous sommes fiers d&#8217;affirmer que 98 % des commandes sont livr\u00e9es dans les 3 jours ouvrables suivant la r\u00e9ception du paiement. Ceci s&#8217;applique \u00e9galement \u00e0 nos clients suisses.<\/span><\/p>[\/et_pb_text][\/et_pb_column][et_pb_column type=&#8221;1_3&#8243; _builder_version=&#8221;4.3.2&#8243; global_colors_info=&#8221;{}&#8221;][et_pb_image src=&#8221;https:\/\/www.shop4well.eu\/wp-content\/uploads\/2020\/02\/Versand_kostenfreie_Lieferung.png&#8221; align=&#8221;center&#8221; _builder_version=&#8221;4.4.1&#8243; width=&#8221;100%&#8221; max_width=&#8221;45%&#8221; global_colors_info=&#8221;{}&#8221;][\/et_pb_image][\/et_pb_column][\/et_pb_row][\/et_pb_section][et_pb_section fb_built=&#8221;1&#8243; admin_label=&#8221;section&#8221; _builder_version=&#8221;3.22&#8243; global_colors_info=&#8221;{}&#8221;][et_pb_row admin_label=&#8221;row&#8221; _builder_version=&#8221;3.25&#8243; background_size=&#8221;initial&#8221; background_position=&#8221;top_left&#8221; background_repeat=&#8221;repeat&#8221; global_colors_info=&#8221;{}&#8221;][et_pb_column type=&#8221;4_4&#8243; _builder_version=&#8221;3.25&#8243; custom_padding=&#8221;|||&#8221; global_colors_info=&#8221;{}&#8221; custom_padding__hover=&#8221;|||&#8221;][et_pb_text admin_label=&#8221;Text&#8221; _builder_version=&#8221;3.27.4&#8243; background_size=&#8221;initial&#8221; background_position=&#8221;top_left&#8221; background_repeat=&#8221;repeat&#8221; global_colors_info=&#8221;{}&#8221;]<div class=\"woocommerce\"><\/div>\n[\/et_pb_text][\/et_pb_column][\/et_pb_row][\/et_pb_section]","protected":false},"excerpt":{"rendered":"<p>Nous sommes fiers d&#8217;affirmer que 98 % des commandes sont livr\u00e9es dans les 3 jours ouvrables suivant la r\u00e9ception du paiement. Ceci s&#8217;applique \u00e9galement \u00e0 nos clients suisses.<div class=\"woocommerce\"><\/div><\/p>\n","protected":false},"author":1,"featured_media":0,"parent":0,"menu_order":0,"comment_status":"closed","ping_status":"closed","template":"","meta":{"_et_pb_use_builder":"on","_et_pb_old_content":"","_et_gb_content_width":"","footnotes":""},"class_list":["post-3512","page","type-page","status-publish","hentry"],"yoast_head":"<!-- This site is optimized with the Yoast SEO plugin v26.6 - https:\/\/yoast.com\/wordpress\/plugins\/seo\/ -->\n<title>Shop4well - DMSO, Magnesium, CDL (Chlordioxid), Vitamin D3, Vitamin K2, Borax (Bor)<\/title>\n<meta name=\"description\" content=\"Shop4well shop f\u00fcr Nahrungserg\u00e4nzung. Viele Substanzen wie DMSO, verschiedenen Magnesiumformen, Sprays, CDL (Chlordioxid), Vitamin D3, Vitamin K2, Borax (Bor) und vieles mehr.\" \/>\n<meta name=\"robots\" content=\"index, follow, max-snippet:-1, max-image-preview:large, max-video-preview:-1\" \/>\n<link rel=\"canonical\" href=\"https:\/\/www.shop4well.eu\/fr\/mon-compte\/\" \/>\n<meta property=\"og:locale\" content=\"fr_FR\" \/>\n<meta property=\"og:type\" content=\"article\" \/>\n<meta property=\"og:title\" content=\"Shop4well - DMSO, Magnesium, CDL (Chlordioxid), Vitamin D3, Vitamin K2, Borax (Bor)\" \/>\n<meta property=\"og:description\" content=\"Shop4well shop f\u00fcr Nahrungserg\u00e4nzung. Viele Substanzen wie DMSO, verschiedenen Magnesiumformen, Sprays, CDL (Chlordioxid), Vitamin D3, Vitamin K2, Borax (Bor) und vieles mehr.\" \/>\n<meta property=\"og:url\" content=\"https:\/\/www.shop4well.eu\/fr\/mon-compte\/\" \/>\n<meta property=\"og:site_name\" content=\"shop4well\" \/>\n<meta property=\"article:modified_time\" content=\"2022-01-23T08:51:40+00:00\" \/>\n<meta property=\"og:image\" content=\"https:\/\/www.shop4well.eu\/wp-content\/uploads\/2019\/07\/Logo_shop4well.png\" \/>\n<meta name=\"twitter:card\" content=\"summary_large_image\" \/>\n<meta name=\"twitter:label1\" content=\"Dur\u00e9e de lecture estim\u00e9e\" \/>\n\t<meta name=\"twitter:data1\" content=\"2 minutes\" \/>\n<!-- \/ Yoast SEO plugin. -->","yoast_head_json":{"title":"Shop4well - DMSO, Magnesium, CDL (Chlordioxid), Vitamin D3, Vitamin K2, Borax (Bor)","description":"Shop4well shop f\u00fcr Nahrungserg\u00e4nzung. Viele Substanzen wie DMSO, verschiedenen Magnesiumformen, Sprays, CDL (Chlordioxid), Vitamin D3, Vitamin K2, Borax (Bor) und vieles mehr.","robots":{"index":"index","follow":"follow","max-snippet":"max-snippet:-1","max-image-preview":"max-image-preview:large","max-video-preview":"max-video-preview:-1"},"canonical":"https:\/\/www.shop4well.eu\/fr\/mon-compte\/","og_locale":"fr_FR","og_type":"article","og_title":"Shop4well - DMSO, Magnesium, CDL (Chlordioxid), Vitamin D3, Vitamin K2, Borax (Bor)","og_description":"Shop4well shop f\u00fcr Nahrungserg\u00e4nzung. Viele Substanzen wie DMSO, verschiedenen Magnesiumformen, Sprays, CDL (Chlordioxid), Vitamin D3, Vitamin K2, Borax (Bor) und vieles mehr.","og_url":"https:\/\/www.shop4well.eu\/fr\/mon-compte\/","og_site_name":"shop4well","article_modified_time":"2022-01-23T08:51:40+00:00","og_image":[{"url":"https:\/\/www.shop4well.eu\/wp-content\/uploads\/2019\/07\/Logo_shop4well.png","type":"","width":"","height":""}],"twitter_card":"summary_large_image","twitter_misc":{"Dur\u00e9e de lecture estim\u00e9e":"2 minutes"},"schema":{"@context":"https:\/\/schema.org","@graph":[{"@type":"WebPage","@id":"https:\/\/www.shop4well.eu\/fr\/mon-compte\/","url":"https:\/\/www.shop4well.eu\/fr\/mon-compte\/","name":"Shop4well - DMSO, Magnesium, CDL (Chlordioxid), Vitamin D3, Vitamin K2, Borax (Bor)","isPartOf":{"@id":"https:\/\/www.shop4well.eu\/#website"},"primaryImageOfPage":{"@id":"https:\/\/www.shop4well.eu\/fr\/mon-compte\/#primaryimage"},"image":{"@id":"https:\/\/www.shop4well.eu\/fr\/mon-compte\/#primaryimage"},"thumbnailUrl":"https:\/\/www.shop4well.eu\/wp-content\/uploads\/2019\/07\/Logo_shop4well.png","datePublished":"2021-06-17T18:04:47+00:00","dateModified":"2022-01-23T08:51:40+00:00","description":"Shop4well shop f\u00fcr Nahrungserg\u00e4nzung. Viele Substanzen wie DMSO, verschiedenen Magnesiumformen, Sprays, CDL (Chlordioxid), Vitamin D3, Vitamin K2, Borax (Bor) und vieles mehr.","breadcrumb":{"@id":"https:\/\/www.shop4well.eu\/fr\/mon-compte\/#breadcrumb"},"inLanguage":"fr-FR","potentialAction":[{"@type":"ReadAction","target":["https:\/\/www.shop4well.eu\/fr\/mon-compte\/"]}]},{"@type":"ImageObject","inLanguage":"fr-FR","@id":"https:\/\/www.shop4well.eu\/fr\/mon-compte\/#primaryimage","url":"https:\/\/www.shop4well.eu\/wp-content\/uploads\/2019\/07\/Logo_shop4well.png","contentUrl":"https:\/\/www.shop4well.eu\/wp-content\/uploads\/2019\/07\/Logo_shop4well.png"},{"@type":"BreadcrumbList","@id":"https:\/\/www.shop4well.eu\/fr\/mon-compte\/#breadcrumb","itemListElement":[{"@type":"ListItem","position":1,"name":"Startseite","item":"https:\/\/www.shop4well.eu\/"},{"@type":"ListItem","position":2,"name":"Mon compte"}]},{"@type":"WebSite","@id":"https:\/\/www.shop4well.eu\/#website","url":"https:\/\/www.shop4well.eu\/","name":"shop4well","description":"Shop f\u00fcr Nahrungserg\u00e4nungsmittel - nutritional supplements","publisher":{"@id":"https:\/\/www.shop4well.eu\/#organization"},"potentialAction":[{"@type":"SearchAction","target":{"@type":"EntryPoint","urlTemplate":"https:\/\/www.shop4well.eu\/?s={search_term_string}"},"query-input":{"@type":"PropertyValueSpecification","valueRequired":true,"valueName":"search_term_string"}}],"inLanguage":"fr-FR"},{"@type":"Organization","@id":"https:\/\/www.shop4well.eu\/#organization","name":"shop4well.com","url":"https:\/\/www.shop4well.eu\/","logo":{"@type":"ImageObject","inLanguage":"fr-FR","@id":"https:\/\/www.shop4well.eu\/#\/schema\/logo\/image\/","url":"https:\/\/www.shop4well.eu\/wp-content\/uploads\/2019\/06\/logo_shop4well.png","contentUrl":"https:\/\/www.shop4well.eu\/wp-content\/uploads\/2019\/06\/logo_shop4well.png","width":258,"height":145,"caption":"shop4well.com"},"image":{"@id":"https:\/\/www.shop4well.eu\/#\/schema\/logo\/image\/"}}]}},"jetpack_sharing_enabled":true,"_links":{"self":[{"href":"https:\/\/www.shop4well.eu\/fr\/wp-json\/wp\/v2\/pages\/3512","targetHints":{"allow":["GET"]}}],"collection":[{"href":"https:\/\/www.shop4well.eu\/fr\/wp-json\/wp\/v2\/pages"}],"about":[{"href":"https:\/\/www.shop4well.eu\/fr\/wp-json\/wp\/v2\/types\/page"}],"author":[{"embeddable":true,"href":"https:\/\/www.shop4well.eu\/fr\/wp-json\/wp\/v2\/users\/1"}],"replies":[{"embeddable":true,"href":"https:\/\/www.shop4well.eu\/fr\/wp-json\/wp\/v2\/comments?post=3512"}],"version-history":[{"count":4,"href":"https:\/\/www.shop4well.eu\/fr\/wp-json\/wp\/v2\/pages\/3512\/revisions"}],"predecessor-version":[{"id":6612,"href":"https:\/\/www.shop4well.eu\/fr\/wp-json\/wp\/v2\/pages\/3512\/revisions\/6612"}],"wp:attachment":[{"href":"https:\/\/www.shop4well.eu\/fr\/wp-json\/wp\/v2\/media?parent=3512"}],"curies":[{"name":"wp","href":"https:\/\/api.w.org\/{rel}","templated":true}]}}