{"id":3496,"date":"2021-06-17T20:02:45","date_gmt":"2021-06-17T18:02:45","guid":{"rendered":"https:\/\/www.shop4well.com\/protection-des-donnees\/"},"modified":"2025-01-05T22:05:12","modified_gmt":"2025-01-05T21:05:12","slug":"protection-des-donnees","status":"publish","type":"page","link":"https:\/\/www.shop4well.eu\/fr\/protection-des-donnees\/","title":{"rendered":"Protection des donn\u00e9es"},"content":{"rendered":"<p>[et_pb_section fb_built=&#8221;1&#8243; admin_label=&#8221;section&#8221; _builder_version=&#8221;4.16&#8243; global_colors_info=&#8221;{}&#8221;][et_pb_row admin_label=&#8221;rang\u00e9e&#8221; _builder_version=&#8221;4.16&#8243; background_size=&#8221;initial&#8221; background_position=&#8221;top_left&#8221; background_repeat=&#8221;repeat&#8221; global_colors_info=&#8221;{}&#8221;][et_pb_column type=&#8221;4_4&#8243; _builder_version=&#8221;4.16&#8243; custom_padding=&#8221;|||&#8221; global_colors_info=&#8221;{}&#8221; custom_padding__hover=&#8221;|||&#8221;][et_pb_text admin_label=&#8221;Text&#8221; _builder_version=&#8221;4.24.2&#8243; background_size=&#8221;initial&#8221; background_position=&#8221;top_left&#8221; background_repeat=&#8221;repeat&#8221; border_radii=&#8221;on|10px|10px|10px|10px&#8221; global_colors_info=&#8221;{}&#8221;]<\/p>\n<h2>Protection des donn\u00e9es<\/h2>\n<h4>1. Remarque<\/h4>\n<p>Veuillez lire attentivement les informations suivantes. Elle<br \/>contiennent des dispositions juridiquement pertinentes. Avec acc\u00e8s au<br \/>Site Web et ses pages, vous d\u00e9clarez accepter ce qui suit<br \/>Conditions d&#8217;application comprises dans le cadre de ce site Web<br \/>avoir et reconna\u00eetre.  <\/p>\n<p>&nbsp;<\/p>\n<h4>2. Politique de confidentialit\u00e9<\/h4>\n<p>Nous prenons la protection des donn\u00e9es au s\u00e9rieux et souhaitons utiliser cette d\u00e9claration de protection des donn\u00e9es pour vous expliquer quelles donn\u00e9es sont absolument n\u00e9cessaires, comment nous les utilisons et comment vous pouvez corriger ou modifier vos informations.<br \/>Nous ne pouvons garantir la s\u00e9curit\u00e9 de la transmission des donn\u00e9es sur Internet ; en particulier, lorsque les donn\u00e9es sont transmises par courrier \u00e9lectronique, il existe un risque d&#8217;acc\u00e8s par des tiers.<br \/>Si certaines r\u00e9glementations ou formulations de cette exclusion de responsabilit\u00e9 s&#8217;av\u00e9raient ou devenaient inefficaces, le contenu et la validit\u00e9 des autres r\u00e9glementations n&#8217;en seraient pas affect\u00e9s.<br \/>Notre position est que la protection de votre vie priv\u00e9e est de la plus haute importance. Il va donc de soi pour nous de respecter les dispositions l\u00e9gales strictes en mati\u00e8re de protection des donn\u00e9es. Nous croyons fermement que la protection des donn\u00e9es commence par la transparence. Notre souci est donc que vous sachiez \u00e0 tout moment quand nous stockons lesquelles de vos donn\u00e9es personnelles, comment nous les utilisons, mais aussi comment vous pouvez restreindre ou emp\u00eacher leur utilisation.   <\/p>\n<p>&nbsp;<\/p>\n<h4>3. Les responsables<\/h4>\n<p>Vous trouverez nos coordonn\u00e9es dans les mentions l\u00e9gales. Si vous avez des questions sur notre protection des donn\u00e9es, veuillez envoyer un e-mail \u00e0 info@shop4well.eu <\/p>\n<p>&nbsp;<\/p>\n<h4>4. Que sont les donn\u00e9es personnelles ?<\/h4>\n<p>Les donn\u00e9es personnelles sont toutes les informations personnelles et<br \/>circonstances mat\u00e9rielles d\u2019une personne sp\u00e9cifique ou identifiable.<br \/>Cela inclut des informations et des d\u00e9tails tels que votre (vrai) nom, votre<br \/>Adresse ou autre adresse postale et num\u00e9ro de t\u00e9l\u00e9phone. Le v\u00f4tre aussi<br \/>Votre adresse e-mail est incluse si elle contient une telle r\u00e9f\u00e9rence \u00e0 votre nom<br \/>a que vous puissiez \u00eatre identifi\u00e9. Des informations qui vous aideront<br \/>L\u2019identit\u00e9 ne peut \u00eatre d\u00e9termin\u00e9e ne sont pas incluses. Tel<br \/>Les informations sont, par exemple : toutes les informations sans aucune r\u00e9f\u00e9rence \u00e0<br \/>Votre nom, par exemple juste le sexe ou l&#8217;\u00e2ge ou<br \/>de formation.   <\/p>\n<p>&nbsp;<\/p>\n<h4>5. Utilisation et divulgation des informations personnelles<\/h4>\n<p>Nous nous engageons \u00e0 prot\u00e9ger votre vie priv\u00e9e, en utilisant votre<br \/>informations personnelles uniquement au sein de l&#8217;entreprise et donner<br \/>ils les transmettent uniquement aux entreprises qui contribuent \u00e0 remplir les exigences<br \/>Contrats conclus avec vous ou autrement lors de la prestation de services<br \/>\u00eatre allum\u00e9. Dans le cas contraire, vos informations personnelles seront<br \/>ne seront pas transmises \u00e0 des tiers sauf si vous l\u2019acceptez express\u00e9ment<br \/>avons donn\u00e9 notre consentement ou nous sommes oblig\u00e9s de le divulguer,<br \/>par ex. B. en raison d\u2019une d\u00e9cision judiciaire ou officielle. <\/p>\n<p>&nbsp;<\/p>\n<h4>6. Contactez-nous<\/h4>\n<p>Lorsque vous nous contactez (par exemple via le formulaire de contact ou<br \/>Email) les coordonn\u00e9es de l&#8217;utilisateur sont utilis\u00e9es pour traiter la demande<br \/>ainsi que dans le cas o\u00f9 des questions compl\u00e9mentaires se poseraient.<\/p>\n<p>&nbsp;<\/p>\n<h4>7. Dur\u00e9e de conservation<\/h4>\n<p>Nous conservons les donn\u00e9es personnelles aussi longtemps que n\u00e9cessaire aux fins pour lesquelles nous les stockons<br \/>collect\u00e9e est obligatoire. Certaines donn\u00e9es personnelles sont soumises \u00e0<br \/>en outre, des exigences de conservation juridiquement contraignantes de dix ou plus<br \/>ann\u00e9es que nous prenons en compte. Nous pouvons \u00e9galement traiter des donn\u00e9es personnelles<br \/>conserver au moins pendant la dur\u00e9e des d\u00e9lais de prescription applicables,<br \/>ce qui, dans de nombreux cas, dure cinq ou dix ans. Les donn\u00e9es personnelles contenues dans le<br \/>dans le cadre de l&#8217;utilisation de nos services (par exemple, journaux,<br \/>Logs, analyses, etc.) et qui ne b\u00e9n\u00e9ficient pas d&#8217;une telle conservation ou<br \/>Si le d\u00e9lai de prescription s&#8217;applique, nous le supprimerons g\u00e9n\u00e9ralement plus t\u00f4t dans les plus brefs d\u00e9lais.<br \/>nous ne sommes plus int\u00e9ress\u00e9s \u00e0 le traiter. Les donn\u00e9es peuvent \u00eatre dans<br \/>stock\u00e9s sous forme anonymis\u00e9e pendant des p\u00e9riodes plus longues. Sous<br \/>Nous nous r\u00e9servons le droit \u00e0 un accord contractuel expr\u00e8s<br \/>Il n\u2019y a aucune obligation de fournir des donn\u00e9es pour une p\u00e9riode d\u00e9termin\u00e9e<br \/>\u00e0 garder.     <\/p>\n<p>&nbsp;<\/p>\n<h4>8. Utilisation de cookies<\/h4>\n<p>Shop4well.eu utilise des cookies. Les cookies sont de petits fichiers texte que le<br \/>Le serveur Web le stocke \u00e0 plusieurs endroits dans le navigateur de votre ordinateur et<br \/>gr\u00e2ce auquel vous serez identifi\u00e9 lors d\u2019une visite ult\u00e9rieure sur le site Internet<br \/>peut. Les cookies que nous utilisons ne vous causent aucun pr\u00e9judice<br \/>ordinateurs et ne contiennent aucun virus. En utilisant notre<br \/>Nous pla\u00e7ons l&#8217;offre Internet principalement sur le disque dur de votre ordinateur<br \/>les soi-disant \u00ab cookies de session \u00bb qui ne sont utilis\u00e9s que pour votre visite<br \/>sont importants pour notre site Web. Ces cookies sont utilis\u00e9s exclusivement<br \/>contr\u00f4le de connexion et navigation et vous permet<br \/>Navigation conviviale sur notre site Web. Ils \u00ab se souviennent \u00bb.<br \/>par ex. B. certains param\u00e8tres pendant la session et enregistrer<br \/>entr\u00e9es r\u00e9p\u00e9t\u00e9es. Les \u00ab cookies de session \u00bb sont supprim\u00e9s lorsque vous<br \/>Terminez la session de votre navigateur. Nous en utilisons \u00e9galement des durables<br \/>cookies (persistants), qui nous permettent d&#8217;utiliser votre navigateur<br \/>\u00e0 reconna\u00eetre \u00e0 nouveau lors de la prochaine visite. Dans votre navigateur, vous verrez le<br \/>L&#8217;option d&#8217;un message d&#8217;avertissement est propos\u00e9e lorsqu&#8217;un serveur Web est sur votre<br \/>l&#8217;ordinateur veut installer un cookie. Vous pouvez accepter les cookies ou<br \/>refuser. La plupart des navigateurs sont configur\u00e9s pour accepter les cookies<br \/>accepter automatiquement. Cependant, vous pouvez refuser le stockage des cookies<br \/>d\u00e9sactivez ou configurez votre navigateur pour qu&#8217;il vous dirige vers le<br \/>L&#8217;envoi de cookies l&#8217;indique. Lorsque vous quittez ce site Web, vous pouvez<br \/>Vous supprimez ensuite les cookies du disque dur de votre ordinateur,<br \/>par exemple si le syst\u00e8me automatique<br \/>l&#8217;enl\u00e8vement ne pouvait plus \u00eatre effectu\u00e9.<br \/>Bien entendu, vous pouvez \u00e9galement utiliser nos sites Web sans cookies<br \/>\u00e9gard. Si vous ne souhaitez pas que nous utilisions votre ordinateur<br \/>vous reconnaissez, vous pouvez enregistrer des cookies sur votre<br \/>Emp\u00eachez le disque dur en s\u00e9lectionnant \u00ab aucun \u00bb dans les param\u00e8tres de votre navigateur<br \/>S\u00e9lectionnez \u00ab Accepter les cookies \u00bb. Comment cela fonctionne en d\u00e9tail,<br \/>Il est pr\u00e9f\u00e9rable de se r\u00e9f\u00e9rer aux instructions du fabricant de votre navigateur. Si<br \/>Vous n&#8217;acceptez pas les cookies, mais vous pouvez le faire<br \/>Des restrictions fonctionnelles sur nos offres peuvent en r\u00e9sulter.               <\/p>\n<p>&nbsp;<\/p>\n<h4>D\u00e9sactiver les cookies<\/h4>\n<p>Chrome<br \/>https:\/\/support.google.com\/accounts\/answer\/61416?hl=de<br \/>Firefox<br \/>https:\/\/support.mozilla.org\/de\/kb\/Cookies-blockieren<\/p>\n<p>Safari<br \/>https:\/\/support.apple.com\/kb\/ph21411?locale=de_DE<\/p>\n<p>&nbsp;<\/p>\n<h4>9. Comment utilisons-nous les plugins de r\u00e9seaux sociaux ?<\/h4>\n<p>Plugins Facebook (bouton J&#8217;aime et Partager)<br \/>Les plugins de Facebook sont int\u00e9gr\u00e9s \u00e0 notre site Internet. le fournisseur est<br \/>Facebook Inc., 1 Hacker Way, Menlo Park, Californie 94025, \u00c9tats-Unis. Le<br \/>Vous pouvez reconna\u00eetre les plugins Facebook au logo Facebook ou au<br \/>\u00ab Bouton J&#8217;aime \u00bb sur notre site Web. Un aper\u00e7u de<br \/>Les plugins Facebook peuvent \u00eatre trouv\u00e9s sur<br \/>Developers.facebook.com\/docs\/plugins\/.<br \/>Lorsque vous visitez notre site Web, le plugin envoie un message direct<br \/>Connexion \u00e9tablie entre votre navigateur et le serveur Facebook.<br \/>Facebook re\u00e7oit ainsi l&#8217;information selon laquelle votre adresse IP<br \/>ont visit\u00e9 notre site Web. Si vous utilisez le bouton \u00ab J&#8217;aime \u00bb de Facebook<br \/>Cliquez dessus lorsque vous \u00eates connect\u00e9 \u00e0 votre compte Facebook<br \/>Vous associez le contenu de nos pages \u00e0 votre profil Facebook.<br \/>Cela permet \u00e0 Facebook de suivre votre visite sur nos pages \u00e0 partir de votre compte utilisateur<br \/>attribuer. Nous n&#8217;avons aucune connaissance du contenu des donn\u00e9es transmises<br \/>et leur utilisation par Facebook.<br \/>De plus amples informations peuvent \u00eatre trouv\u00e9es dans la politique de confidentialit\u00e9 de<br \/>Facebook \u00e0 de-de.facebook.com\/policy.php.<br \/>Si vous ne souhaitez pas que Facebook vous autorise \u00e0 visiter notre site Web<br \/>Si vous ne parvenez pas \u00e0 attribuer un compte utilisateur Facebook, veuillez vous connecter depuis le v\u00f4tre<br \/>Compte utilisateur Facebook.    <\/p>\n<p>&nbsp;<\/p>\n<h4>Plugin Instagram<\/h4>\n<p>Les plugins Instagram sont int\u00e9gr\u00e9s \u00e0 notre site Web. le fournisseur est<br \/>Instagram Inc., 1601 Willow Road, Menlo Park, CA 94025, \u00c9tats-Unis. Si vous \u00eates dans<br \/>Si vous \u00eates connect\u00e9 \u00e0 votre compte Instagram, vous pouvez cliquer sur le<br \/>Les boutons Instagram relient le contenu de nos pages \u00e0 votre profil Instagram<br \/>lien. Cela permet \u00e0 Instagram de suivre votre visite sur nos pages<br \/>Attribuez un compte utilisateur. Nous n&#8217;avons aucune connaissance du contenu du<br \/>donn\u00e9es transmises et leur utilisation par Instagram.<br \/>De plus amples informations peuvent \u00eatre trouv\u00e9es dans la politique de confidentialit\u00e9 d&#8217;Instagram sur instagram.com\/about\/legal\/privacy\/.   <\/p>\n<p>&nbsp;<\/p>\n<h4>10. Google Analytics<\/h4>\n<p>Ce site Web utilise Google Analytics, un service d&#8217;analyse Web fourni par<br \/>Google Inc. (\u00ab Google \u00bb). Google Analytics utilise ce que l&#8217;on appelle des \u00ab cookies \u00bb,<br \/>Fichiers texte stock\u00e9s sur votre ordinateur et celui<br \/>Permettre l\u2019analyse de votre utilisation du site Web. Ceux \u00e0 travers le<br \/>Informations g\u00e9n\u00e9r\u00e9es par les cookies sur votre utilisation de ce site Web<br \/>g\u00e9n\u00e9ralement transf\u00e9r\u00e9 vers un serveur de Google aux \u00c9tats-Unis et l\u00e0-bas<br \/>enregistr\u00e9. Si l&#8217;anonymisation IP est activ\u00e9e sur ce<br \/>Cependant, Google utilisera votre adresse IP dans<br \/>\u00c9tats membres de l&#8217;Union europ\u00e9enne ou autres \u00c9tats contractants<br \/>de l\u2019accord sur l\u2019Espace \u00e9conomique europ\u00e9en avait \u00e9t\u00e9 auparavant r\u00e9duit.<br \/>Ce n&#8217;est que dans des cas exceptionnels que l&#8217;adresse IP compl\u00e8te sera envoy\u00e9e \u00e0 un serveur<br \/>Google l&#8217;a transf\u00e9r\u00e9 aux \u00c9tats-Unis et l&#8217;a raccourci l\u00e0-bas. Au nom de l&#8217;op\u00e9rateur<br \/>sur ce site Web, Google utilisera ces informations pour vous fournir des informations<br \/>\u00c9valuer l&#8217;utilisation du site Web pour g\u00e9n\u00e9rer des rapports sur l&#8217;activit\u00e9 du site Web<br \/>pour compiler et se rapporter davantage \u00e0 l&#8217;utilisation du site Web et du<br \/>Services li\u00e9s \u00e0 l&#8217;utilisation d&#8217;Internet par rapport aux<br \/>pour fournir aux op\u00e9rateurs de sites Web. Dans le cadre de Google Analytics<br \/>L&#8217;adresse IP transmise \u00e0 votre navigateur n&#8217;est pas li\u00e9e \u00e0 d&#8217;autres donn\u00e9es de<br \/>Google a fusionn\u00e9.<br \/>Vous pouvez emp\u00eacher le stockage de cookies par une m\u00e9thode appropri\u00e9e<br \/>Emp\u00eacher le param\u00e9trage de votre logiciel de navigation ; Nous vous conseillons cependant<br \/>Veuillez noter que dans ce cas, vous ne pourrez peut-\u00eatre pas acc\u00e9der \u00e0 tous.<br \/>Vous pourrez utiliser pleinement les fonctions de ce site Web. Elle<br \/>peut \u00e9galement enregistrer les donn\u00e9es g\u00e9n\u00e9r\u00e9es par le cookie<br \/>les donn\u00e9es li\u00e9es \u00e0 votre utilisation du site Internet (y compris votre adresse IP).<br \/>Google et le traitement de ces donn\u00e9es par Google,<br \/>en utilisant le plugin du navigateur disponible au lien suivant<br \/>T\u00e9l\u00e9chargez et installez :<br \/>http:\/\/tools.google.com\/dlpage\/gaoptout?hl=de.       <\/p>\n<p>&nbsp;<\/p>\n<h4>11. Quels autres outils utilisons-nous ?<\/h4>\n<h4>Google Web Fonts<\/h4>\n<p>Notre site Web utilise des polices comme celle-ci pour garantir un affichage uniforme<br \/>polices Web mentionn\u00e9es fournies par Google. C&#8217;est \u00e0 ce moment-l\u00e0 que vous chargez<br \/>Naviguez les polices Web requises dans le cache de votre navigateur pour lire des textes et<br \/>Afficher correctement les polices.<br \/>Pour cela, le navigateur que vous utilisez doit disposer d&#8217;une connexion au<br \/>Serveurs Google. Cela permet \u00e0 Google de savoir que<br \/>que notre site Web a \u00e9t\u00e9 consult\u00e9 via votre adresse IP. Si votre<br \/>Le navigateur ne prend pas en charge les polices Web, une police par d\u00e9faut sera fournie par la v\u00f4tre<br \/>Ordinateur utilis\u00e9.<br \/>Pour plus d&#8217;informations sur les polices Web Google, consultez<br \/>Developers.google.com\/fonts\/faq et dans la politique de confidentialit\u00e9 de<br \/>Google : www.google.com\/policies\/privacy\/.   <\/p>\n<p>&nbsp;<\/p>\n<h4>Google Maps<\/h4>\n<p>Notre site Internet utilise le service de cartographie Google Maps via une API.<br \/>Le fournisseur est Google Inc., 1600 Amphitheatre Parkway, Mountain View,<br \/>CA 94043, \u00c9tats-Unis. Si vous utilisez les fonctions de Google Maps, votre<br \/>Adresse IP stock\u00e9e par Google et g\u00e9n\u00e9ralement envoy\u00e9e \u00e0 un serveur<br \/>Transfert Google aux USA. Nous n&#8217;avons aucune influence l\u00e0-dessus<br \/>Transfert de donn\u00e9es.<br \/>De plus amples informations peuvent \u00eatre trouv\u00e9es dans la politique de confidentialit\u00e9 de Google : www.google.de\/intl\/de\/policies\/privacy\/.  <\/p>\n<p>&nbsp;<\/p>\n<h4>12. Liens vers des sites Web tiers<\/h4>\n<p>Certains liens pointent vers des sites Internet tiers auxquels nous n\u2019avons pas acc\u00e8s<br \/>avoir le contr\u00f4le. Nous excluons toute responsabilit\u00e9 quant \u00e0 leur contenu,<br \/>Produits et services ou autres avantages offerts<br \/>pleinement. Les liens correspondants sont uniquement destin\u00e9s \u00e0 cet effet<br \/>Information et convivialit\u00e9. Les connexions avec de tels<br \/>L&#8217;acc\u00e8s aux sites Web se fait aux risques et sous la responsabilit\u00e9 de l&#8217;utilisateur.   <\/p>\n<p>&nbsp;<\/p>\n<h4>13. Sous r\u00e9serve de modifications<\/h4>\n<p>Nous nous r\u00e9servons le droit de modifier cette d\u00e9claration de protection des donn\u00e9es de temps \u00e0 autre conform\u00e9ment aux dispositions l\u00e9gales.<\/p>\n<p>&nbsp;<\/p>\n<h4>14. P\u00e9riode de stockage<\/h4>\n<p>Nous utilisons et conservons vos donn\u00e9es uniquement aussi longtemps que n\u00e9cessaire<br \/>la finalit\u00e9 du traitement en question est n\u00e9cessaire ou autre<br \/>il existe une base juridique pour cela. Les donn\u00e9es que nous collectons sur la base d&#8217;un<br \/>Nous conserverons notre relation contractuelle avec vous pendant au moins cette dur\u00e9e<br \/>comment existe la relation contractuelle et les d\u00e9lais de prescription pour les \u00e9ventuelles<br \/>Les r\u00e9clamations de notre part sont en cours ou l\u00e9gales ou contractuelles<br \/>Des obligations de conservation existent. <\/p>\n<p>&nbsp;<\/p>\n<h4>15. Vos droits<\/h4>\n<p>Vous pouvez exercer \u00e0 tout moment les droits suivants :<br \/>&#8211; Informations sur vos donn\u00e9es stock\u00e9es par nous et leur traitement,<br \/>&#8211; Correction de donn\u00e9es personnelles inexactes<br \/>&#8211; Suppression de vos donn\u00e9es stock\u00e9es par nous<br \/>&#8211; Limitation du traitement des donn\u00e9es si nous traitons vos donn\u00e9es en raison d&#8217;obligations l\u00e9gales<br \/>pas encore autoris\u00e9 \u00e0 supprimer<br \/>&#8211; Opposition au traitement de vos donn\u00e9es par nous et<br \/>Portabilit\u00e9 des donn\u00e9es, \u00e0 condition que vous ayez consenti au traitement des donn\u00e9es ou \u00e0 un<br \/>ont conclu un contrat avec nous. Si vous nous avez donn\u00e9 votre consentement, vous pouvez<br \/>Vous pouvez le r\u00e9voquer \u00e0 tout moment avec effet pour l&#8217;avenir.<br \/>Vous pouvez \u00e0 tout moment vous adresser \u00e0 l\u2019autorit\u00e9 de contr\u00f4le comp\u00e9tente pour d\u00e9poser une plainte.. <\/p>\n<p>&nbsp;<\/p>\n<h4>16. Mentions l\u00e9gales<\/h4>\n<p>Tous les textes et liens ont \u00e9t\u00e9 soigneusement v\u00e9rifi\u00e9s et sont continuellement mis \u00e0 jour<br \/>mis \u00e0 jour. Nous nous effor\u00e7ons de fournir des informations correctes et compl\u00e8tes<br \/>fourni sur ce site Web, mais nous n&#8217;assumons aucune responsabilit\u00e9<br \/>Responsabilit\u00e9, garanties ou responsabilit\u00e9 pour le fait que ce<br \/>Les informations fournies sur le site Internet sont exactes, compl\u00e8tes ou<br \/>sont d&#8217;actualit\u00e9. Nous nous r\u00e9servons le droit \u00e0 tout moment et sans<br \/>Pr\u00e9avis des modifications apport\u00e9es aux informations sur ce site Web et<br \/>nous ne nous engageons pas non plus \u00e0 accepter les informations qui y sont contenues<br \/>mise \u00e0 jour. Tous les liens vers des prestataires externes ont \u00e9t\u00e9 cr\u00e9\u00e9s \u00e0 l&#8217;\u00e9poque<br \/>v\u00e9rifi\u00e9 l&#8217;exactitude lorsqu&#8217;il a \u00e9t\u00e9 inclus, mais nous ne sommes pas responsables<br \/>pour le contenu et la disponibilit\u00e9 des sites Internet auxquels renvoient des liens hypertextes<br \/>peut \u00eatre atteint. Pour contenu ill\u00e9gal, incorrect ou incomplet<br \/>et notamment pour les dommages caus\u00e9s par le contenu des sites li\u00e9s<br \/>Le fournisseur de la page \u00e0 laquelle il est fait r\u00e9f\u00e9rence est seul responsable<br \/>devenu. Peu importe que le dommage soit direct ou indirect<br \/>ou est de nature financi\u00e8re ou il y a d&#8217;autres dommages<br \/>en raison d&#8217;une perte de donn\u00e9es, d&#8217;une perte d&#8217;usage ou d&#8217;autres raisons de quelque nature que ce soit pourrait en r\u00e9sulter.     <\/p>\n<p>&nbsp;<\/p>\n<h4>18. Loi applicable<\/h4>\n<p>Morat, Suisse<br \/>Derni\u00e8re mise \u00e0 jour : novembre 2024 <\/p>\n<p>[\/et_pb_text][\/et_pb_column][\/et_pb_row][\/et_pb_section]<\/p>\n","protected":false},"excerpt":{"rendered":"<p>Protection des donn\u00e9es 1. Remarque Veuillez lire attentivement les informations suivantes. Ellecontiennent des dispositions juridiquement pertinentes. Avec acc\u00e8s auSite Web et ses pages, vous d\u00e9clarez accepter ce qui suitConditions d&#8217;application comprises dans le cadre de ce site Webavoir et reconna\u00eetre. &nbsp; 2. Politique de confidentialit\u00e9 Nous prenons la protection des donn\u00e9es au s\u00e9rieux et souhaitons [&hellip;]<\/p>\n","protected":false},"author":1,"featured_media":0,"parent":0,"menu_order":0,"comment_status":"closed","ping_status":"closed","template":"","meta":{"_et_pb_use_builder":"on","_et_pb_old_content":"","_et_gb_content_width":"","footnotes":""},"class_list":["post-3496","page","type-page","status-publish","hentry"],"yoast_head":"<!-- This site is optimized with the Yoast SEO plugin v26.6 - https:\/\/yoast.com\/wordpress\/plugins\/seo\/ -->\n<title>Shop4well - protection des donn\u00e9es<\/title>\n<meta name=\"description\" content=\"Shop4well - Datenschutz\" \/>\n<meta name=\"robots\" content=\"index, follow, max-snippet:-1, max-image-preview:large, max-video-preview:-1\" \/>\n<link rel=\"canonical\" href=\"https:\/\/www.shop4well.eu\/fr\/protection-des-donnees\/\" \/>\n<meta property=\"og:locale\" content=\"fr_FR\" \/>\n<meta property=\"og:type\" content=\"article\" \/>\n<meta property=\"og:title\" content=\"Shop4well - protection des donn\u00e9es\" \/>\n<meta property=\"og:description\" content=\"Shop4well - Datenschutz\" \/>\n<meta property=\"og:url\" content=\"https:\/\/www.shop4well.eu\/fr\/protection-des-donnees\/\" \/>\n<meta property=\"og:site_name\" content=\"shop4well\" \/>\n<meta property=\"article:modified_time\" content=\"2025-01-05T21:05:12+00:00\" \/>\n<meta name=\"twitter:card\" content=\"summary_large_image\" \/>\n<meta name=\"twitter:label1\" content=\"Dur\u00e9e de lecture estim\u00e9e\" \/>\n\t<meta name=\"twitter:data1\" content=\"13 minutes\" \/>\n<!-- \/ Yoast SEO plugin. -->","yoast_head_json":{"title":"Shop4well - protection des donn\u00e9es","description":"Shop4well - Datenschutz","robots":{"index":"index","follow":"follow","max-snippet":"max-snippet:-1","max-image-preview":"max-image-preview:large","max-video-preview":"max-video-preview:-1"},"canonical":"https:\/\/www.shop4well.eu\/fr\/protection-des-donnees\/","og_locale":"fr_FR","og_type":"article","og_title":"Shop4well - protection des donn\u00e9es","og_description":"Shop4well - Datenschutz","og_url":"https:\/\/www.shop4well.eu\/fr\/protection-des-donnees\/","og_site_name":"shop4well","article_modified_time":"2025-01-05T21:05:12+00:00","twitter_card":"summary_large_image","twitter_misc":{"Dur\u00e9e de lecture estim\u00e9e":"13 minutes"},"schema":{"@context":"https:\/\/schema.org","@graph":[{"@type":"WebPage","@id":"https:\/\/www.shop4well.eu\/fr\/protection-des-donnees\/","url":"https:\/\/www.shop4well.eu\/fr\/protection-des-donnees\/","name":"Shop4well - protection des donn\u00e9es","isPartOf":{"@id":"https:\/\/www.shop4well.eu\/#website"},"datePublished":"2021-06-17T18:02:45+00:00","dateModified":"2025-01-05T21:05:12+00:00","description":"Shop4well - Datenschutz","breadcrumb":{"@id":"https:\/\/www.shop4well.eu\/fr\/protection-des-donnees\/#breadcrumb"},"inLanguage":"fr-FR","potentialAction":[{"@type":"ReadAction","target":["https:\/\/www.shop4well.eu\/fr\/protection-des-donnees\/"]}]},{"@type":"BreadcrumbList","@id":"https:\/\/www.shop4well.eu\/fr\/protection-des-donnees\/#breadcrumb","itemListElement":[{"@type":"ListItem","position":1,"name":"Startseite","item":"https:\/\/www.shop4well.eu\/"},{"@type":"ListItem","position":2,"name":"Protection des donn\u00e9es"}]},{"@type":"WebSite","@id":"https:\/\/www.shop4well.eu\/#website","url":"https:\/\/www.shop4well.eu\/","name":"shop4well","description":"Shop f\u00fcr Nahrungserg\u00e4nungsmittel - nutritional supplements","publisher":{"@id":"https:\/\/www.shop4well.eu\/#organization"},"potentialAction":[{"@type":"SearchAction","target":{"@type":"EntryPoint","urlTemplate":"https:\/\/www.shop4well.eu\/?s={search_term_string}"},"query-input":{"@type":"PropertyValueSpecification","valueRequired":true,"valueName":"search_term_string"}}],"inLanguage":"fr-FR"},{"@type":"Organization","@id":"https:\/\/www.shop4well.eu\/#organization","name":"shop4well.com","url":"https:\/\/www.shop4well.eu\/","logo":{"@type":"ImageObject","inLanguage":"fr-FR","@id":"https:\/\/www.shop4well.eu\/#\/schema\/logo\/image\/","url":"https:\/\/www.shop4well.eu\/wp-content\/uploads\/2019\/06\/logo_shop4well.png","contentUrl":"https:\/\/www.shop4well.eu\/wp-content\/uploads\/2019\/06\/logo_shop4well.png","width":258,"height":145,"caption":"shop4well.com"},"image":{"@id":"https:\/\/www.shop4well.eu\/#\/schema\/logo\/image\/"}}]}},"jetpack_sharing_enabled":true,"_links":{"self":[{"href":"https:\/\/www.shop4well.eu\/fr\/wp-json\/wp\/v2\/pages\/3496","targetHints":{"allow":["GET"]}}],"collection":[{"href":"https:\/\/www.shop4well.eu\/fr\/wp-json\/wp\/v2\/pages"}],"about":[{"href":"https:\/\/www.shop4well.eu\/fr\/wp-json\/wp\/v2\/types\/page"}],"author":[{"embeddable":true,"href":"https:\/\/www.shop4well.eu\/fr\/wp-json\/wp\/v2\/users\/1"}],"replies":[{"embeddable":true,"href":"https:\/\/www.shop4well.eu\/fr\/wp-json\/wp\/v2\/comments?post=3496"}],"version-history":[{"count":3,"href":"https:\/\/www.shop4well.eu\/fr\/wp-json\/wp\/v2\/pages\/3496\/revisions"}],"predecessor-version":[{"id":13351,"href":"https:\/\/www.shop4well.eu\/fr\/wp-json\/wp\/v2\/pages\/3496\/revisions\/13351"}],"wp:attachment":[{"href":"https:\/\/www.shop4well.eu\/fr\/wp-json\/wp\/v2\/media?parent=3496"}],"curies":[{"name":"wp","href":"https:\/\/api.w.org\/{rel}","templated":true}]}}