{"id":3487,"date":"2021-06-17T19:58:41","date_gmt":"2021-06-17T17:58:41","guid":{"rendered":"https:\/\/www.shop4well.com\/index.php\/agb\/"},"modified":"2025-01-05T16:49:53","modified_gmt":"2025-01-05T15:49:53","slug":"agb","status":"publish","type":"page","link":"https:\/\/www.shop4well.eu\/fr\/agb\/","title":{"rendered":"Termes et conditions"},"content":{"rendered":"<p>[et_pb_section fb_built=&#8221;1&#8243; admin_label=&#8221;section&#8221; _builder_version=&#8221;4.16&#8243; global_colors_info=&#8221;{}&#8221;][et_pb_row admin_label=&#8221;rang\u00e9e&#8221; _builder_version=&#8221;4.16&#8243; background_size=&#8221;initial&#8221; background_position=&#8221;top_left&#8221; background_repeat=&#8221;repeat&#8221; global_colors_info=&#8221;{}&#8221;][et_pb_column type=&#8221;4_4&#8243; _builder_version=&#8221;4.16&#8243; custom_padding=&#8221;|||&#8221; global_colors_info=&#8221;{}&#8221; custom_padding__hover=&#8221;|||&#8221;][et_pb_text admin_label=&#8221;Text&#8221; _builder_version=&#8221;4.16&#8243; background_size=&#8221;initial&#8221; background_position=&#8221;top_left&#8221; background_repeat=&#8221;repeat&#8221; global_colors_info=&#8221;{}&#8221;]<\/p>\n<p>&nbsp;<\/p>\n<h1><strong>Conditions g\u00e9n\u00e9rales de vente et de livraison<\/strong><\/h1>\n<p>&nbsp;<\/p>\n<table class=\"wp-block-table\">\n<tbody>\n<tr>\n<td>\n<p>Kontaktadresse:<br \/>Laciga Innovation GmbH<br \/>Rebackerstrasse 7<br \/>3210 Kerzers<br \/>Suisse<br \/>E-Mail info(at)shop4well.eu<\/p>\n<p>ci-apr\u00e8s d\u00e9nomm\u00e9 \u00ab Vendeur \u00bb.<\/p>\n<p><strong><\/strong><strong>1. Port\u00e9e<\/strong><br \/>1.1 Les conditions de vente et de livraison suivantes, que vous (ci-apr\u00e8s \u00e9galement d\u00e9nomm\u00e9 \u00ab acheteur \u00bb) acceptez en passant votre commande via le site Internet \u00ab www.shop4well.eu \u00bb (ci-apr\u00e8s \u00ab site Internet \u00bb), s&#8217;appliquent \u00e0 la relation commerciale entre vous et le vendeur.<br \/>1.2 Les acheteurs peuvent \u00eatre des consommateurs ou des entrepreneurs. Un consommateur est toute personne physique qui conclut une transaction juridique \u00e0 des fins qui ne peuvent \u00eatre attribu\u00e9es principalement \u00e0 son activit\u00e9 commerciale ou professionnelle ind\u00e9pendante. L&#8217;entrepreneur est toute personne physique ou morale ou soci\u00e9t\u00e9 de personnes dot\u00e9e de la capacit\u00e9 d&#8217;acqu\u00e9rir des droits et d&#8217;assumer des responsabilit\u00e9s et qui, lors de la conclusion d&#8217;un acte juridique, agit dans l&#8217;exercice de son activit\u00e9 commerciale ou ind\u00e9pendante.   <br \/><strong>2. Conclusion du contrat<\/strong><br \/>2.1 Les offres du vendeur sont sans engagement et sujettes \u00e0 modification. Un contrat entre le vendeur et l&#8217;acheteur n&#8217;est conclu que lorsque le vendeur a confirm\u00e9 la commande de l&#8217;acheteur.<br \/>2.2 L&#8217;acheteur peut placer les marchandises dans le panier d&#8217;achat sur le site Internet en cliquant sur le bouton <em>\u00ab Ajouter au panier \u00bb<\/em>. Les articles qui y sont plac\u00e9s sont affich\u00e9s dans le panier. En cliquant sur le mot \u00ab Supprimer \u00bb derri\u00e8re l&#8217;article concern\u00e9, un article peut \u00eatre supprim\u00e9 \u00e0 tout moment du panier. Si l&#8217;acheteur souhaite acheter les produits figurant dans le panier, le processus d&#8217;achat d\u00e9marre en cliquant sur le bouton<em> \u00ab Commander \u00bb<\/em>.     <br \/>Sur la page d&#8217;aper\u00e7u, afin de poursuivre l&#8217;achat, l&#8217;acheteur a alors le choix de se connecter en tant que client d\u00e9j\u00e0 enregistr\u00e9, de commander en tant qu&#8217;invit\u00e9 sans inscription ou de s&#8217;inscrire en tant que (nouveau) client pour commander. <br \/>Si l&#8217;acheteur n&#8217;est pas encore inscrit en tant que client, il doit fournir des informations telles que son nom, son adresse, son num\u00e9ro de t\u00e9l\u00e9phone et son adresse e-mail. <br \/>A l&#8217;aide du bouton<em> \u00ab Continuer \u00bb<\/em>, l&#8217;acheteur acc\u00e8de ensuite \u00e0 la zone \u00ab Mode de paiement \u00bb, o\u00f9 le client peut choisir entre les options de paiement propos\u00e9es. <br \/>Dans la zone<em> \u00ab V\u00e9rifier et passer commande \u00bb<\/em>, le client peut enfin v\u00e9rifier \u00e0 nouveau tous les d\u00e9tails qu&#8217;il a fournis concernant l&#8217;adresse de facturation et d&#8217;autres informations. Le client se voit \u00e9galement pr\u00e9senter un r\u00e9capitulatif du contenu de sa commande afin d&#8217;identifier les erreurs de saisie. Le client a \u00e9galement la possibilit\u00e9 de formuler des commentaires sur la commande et la livraison.<br \/>En appelant la fonction g\u00e9n\u00e9rale \u00ab Retour \u00bb de son navigateur Internet et\/ou en revenant sur les \u00e9tapes de commande d\u00e9j\u00e0 r\u00e9alis\u00e9es lors du processus de commande, l&#8217;acheteur peut corriger d&#8217;\u00e9ventuelles erreurs de saisie dans le d\u00e9tail de la commande.<br \/>L&#8217;acheteur indique dans la rubrique \u00ab Ch\u00e8que &amp; \u00ab Commander \u00bb fait finalement une offre ferme au vendeur lorsqu&#8217;il clique sur le bouton<em> \u00ab Acheter \u00bb<\/em>.<br \/>2.3 Apr\u00e8s r\u00e9ception de la commande, le vendeur envoie \u00e0 l&#8217;acheteur un accus\u00e9 de r\u00e9ception g\u00e9n\u00e9r\u00e9 automatiquement, qui ne constitue pas une acceptation de l&#8217;offre, mais sert simplement \u00e0 fournir des informations sur la r\u00e9ception de la commande. Un contrat n&#8217;est conclu que lorsque le vendeur d\u00e9clare accepter le contrat. Le vendeur peut accepter l&#8217;offre du client dans un d\u00e9lai de cinq jours,<br \/>&#8211; en envoyant une confirmation de commande \u00e9crite ou une confirmation de commande sous forme de texte (e-mail) \u00e0 l&#8217;acheteur, la r\u00e9ception de la confirmation de commande par l&#8217;acheteur est d\u00e9terminante, ou<br \/>&#8211; en livrant la marchandise command\u00e9e, la r\u00e9ception de la marchandise par l&#8217;acheteur \u00e9tant d\u00e9terminante, ou<br \/>&#8211; en demandant \u00e0 l&#8217;acheteur de payer \u00e0 l&#8217;avance si le paiement par anticipation est s\u00e9lectionn\u00e9.    <br \/>Si plusieurs des alternatives mentionn\u00e9es ci-dessus sont pr\u00e9sentes, le contrat est conclu au moment o\u00f9 l&#8217;une des alternatives mentionn\u00e9es ci-dessus se pr\u00e9sente en premier. <br \/>Le d\u00e9lai d&#8217;acceptation de l&#8217;offre commence le lendemain de l&#8217;envoi de l&#8217;offre par l&#8217;acheteur et se termine \u00e0 l&#8217;issue du cinqui\u00e8me jour suivant l&#8217;envoi de l&#8217;offre. Si le vendeur n&#8217;accepte pas l&#8217;offre de l&#8217;acheteur dans le d\u00e9lai susmentionn\u00e9, cela est consid\u00e9r\u00e9 comme un rejet de l&#8217;offre de sorte que l&#8217;acheteur n&#8217;est plus li\u00e9 par sa d\u00e9claration d&#8217;intention.<br \/>2.4 La livraison \u00e0 effectuer par le vendeur est subordonn\u00e9e \u00e0 une livraison par soi-m\u00eame compl\u00e8te et dans les d\u00e9lais. Si les marchandises command\u00e9es ne sont plus disponibles et\/ou ne peuvent \u00eatre obtenues qu&#8217;au prix d&#8217;efforts d\u00e9raisonnables, le vendeur est en droit de r\u00e9silier le contrat. Dans ce cas, le vendeur informera imm\u00e9diatement l&#8217;acheteur de l&#8217;indisponibilit\u00e9 et remboursera tous les paiements re\u00e7us pour les marchandises concern\u00e9es.    <br \/><strong>3. Instructions d&#8217;annulation pour les consommateurs<\/strong><br \/>3.1 Si le client est un consommateur, l&#8217;acheteur dispose d&#8217;un droit de r\u00e9tractation. <br \/><strong>3.2 Droit de r\u00e9tractation pour les contrats de vente de biens (physiques) (y compris DVD, supports de donn\u00e9es, etc.) : <\/strong><br \/><strong>Droit de r\u00e9tractation<\/strong><br \/>Vous avez le droit de r\u00e9silier ce contrat dans un d\u00e9lai de quatorze jours en indiquant les motifs.<br \/>Le d\u00e9lai de r\u00e9tractation est de quatorze jours \u00e0 compter du jour o\u00f9 vous ou un tiers d\u00e9sign\u00e9 par vous qui n&#8217;est pas le transporteur avez pris possession de la derni\u00e8re marchandise.<br \/>Afin d&#8217;exercer votre droit de r\u00e9tractation, vous devez nous informer de votre d\u00e9cision de vous retirer du pr\u00e9sent contrat au moyen d&#8217;une d\u00e9claration claire (par exemple une lettre envoy\u00e9e par courrier ou par e-mail). Afin de respecter le d\u00e9lai de r\u00e9tractation, il suffit que vous envoyiez la notification de votre exercice du droit de r\u00e9tractation avant l&#8217;expiration du d\u00e9lai de r\u00e9tractation. <br \/><strong>Cons\u00e9quences de la r\u00e9vocation<\/strong><br \/>Si vous annulez ce contrat, nous vous rembourserons tous les paiements re\u00e7us de votre part, y compris les frais de livraison (\u00e0 l&#8217;exception des frais suppl\u00e9mentaires r\u00e9sultant du choix d&#8217;un mode de livraison autre que la livraison standard la moins ch\u00e8re que nous proposons, \u00e0 rembourser imm\u00e9diatement et au plus tard. au plus tard quatorze jours \u00e0 compter du jour o\u00f9 nous avons re\u00e7u notification de votre r\u00e9siliation du pr\u00e9sent contrat. Pour ce remboursement, nous utilisons le m\u00eame mode de paiement que celui que vous avez utilis\u00e9 pour la transaction initiale, \u00e0 moins que quelque chose de diff\u00e9rent n&#8217;ait \u00e9t\u00e9 express\u00e9ment convenu avec vous ; en aucun cas des frais ne vous seront factur\u00e9s pour ce remboursement. Nous pouvons refuser le remboursement jusqu&#8217;\u00e0 ce que nous ayons re\u00e7u les marchandises ou jusqu&#8217;\u00e0 ce que vous ayez fourni la preuve que vous avez renvoy\u00e9 les marchandises, la date la plus proche \u00e9tant retenue.<br \/>Vous devez nous retourner ou nous remettre la marchandise imm\u00e9diatement et en tout cas au plus tard quatorze jours \u00e0 compter du jour o\u00f9 vous nous informez de votre r\u00e9siliation du pr\u00e9sent contrat. Le d\u00e9lai est respect\u00e9 si vous envoyez la marchandise avant l&#8217;expiration du d\u00e9lai de quatorze jours.<br \/>Vous supportez les frais directs de retour de la marchandise.<br \/>Pass\u00e9 ce d\u00e9lai, vous \u00eates en retard dans le retour et \u00eates tenu de r\u00e9parer les dommages caus\u00e9s par le retard. Vous n&#8217;\u00eates responsable de toute perte de valeur des marchandises que si cette perte de valeur est due \u00e0 une manipulation autre que celle n\u00e9cessaire pour \u00e9tablir la nature, les caract\u00e9ristiques et la fonctionnalit\u00e9 des marchandises.     <br \/><strong>4. Informations du consommateur <\/strong><br \/><strong>Langue du texte du contrat \/ stockage<\/strong><br \/>Le contrat est conclu en allemand. Le texte du contrat n&#8217;est pas enregistr\u00e9 par le vendeur et n&#8217;est plus accessible une fois le processus de commande termin\u00e9. L&#8217;acheteur peut toutefois imprimer les donn\u00e9es de la commande imm\u00e9diatement apr\u00e8s avoir pass\u00e9 la commande en utilisant la fonction d&#8217;impression de son navigateur. Une fois le contrat conclu, l&#8217;acheteur recevra un e-mail automatique contenant de plus amples informations sur la mani\u00e8re de traiter le contrat. L&#8217;acheteur peut \u00e9galement sauvegarder le texte du contrat en enregistrant le site Internet correspondant sur son ordinateur \u00e0 l&#8217;aide de la fonction de sauvegarde (par exemple en cliquant sur le bouton droit de la souris).     <br \/><strong>Traitement \/ paiement \/ r\u00e9clamations<\/strong><br \/>Pour traiter le contrat, l&#8217;acheteur recevra un e-mail contenant des informations compl\u00e9mentaires apr\u00e8s la conclusion du contrat.<br \/>Toute r\u00e9clamation et\/ou demande de garantie peut \u00eatre adress\u00e9e au vendeur en utilisant les coordonn\u00e9es fournies.<br \/>Les droits de garantie l\u00e9gaux s&#8217;appliquent.<br \/><strong>Coordonn\u00e9es pour les questions et explications sur le contrat conclu<\/strong><br \/>Pour toutes questions et explications concernant le contrat conclu avec le vendeur, notamment pour les questions sur les droits de garantie, \u00e0 l&#8217;adresse email : info(at)shop4well.eu<br \/><strong>Caract\u00e9ristiques essentielles du produit ou du service<\/strong><br \/>Les caract\u00e9ristiques essentielles des biens et\/ou services figurent dans la description de l\u2019article. <br \/><strong>5. Livraison<\/strong><br \/>5.1 L&#8217;exp\u00e9dition est effectu\u00e9e par une soci\u00e9t\u00e9 de transport s\u00e9lectionn\u00e9e par le vendeur \u00e0 l&#8217;adresse de livraison indiqu\u00e9e par l&#8217;acheteur lors de la commande.<br \/>5.2 Si la marchandise ne vous parvient pas dans le d\u00e9lai que nous avons indiqu\u00e9 en raison d&#8217;un retard impr\u00e9visible du transporteur que vous avez mandat\u00e9, nous vous demandons de nous en informer imm\u00e9diatement afin que nous puissions enqu\u00eater sur le probl\u00e8me avec l&#8217;exp\u00e9diteur mandat\u00e9. <br \/><strong>6. Transfert des risques<\/strong><br \/>6.1 Lors de la remise des marchandises \u00e0 l&#8217;acheteur, les risques sont transf\u00e9r\u00e9s \u00e0 l&#8217;acheteur. Si la livraison est retard\u00e9e pour des raisons imputables \u00e0 l&#8217;acheteur, les risques sont transf\u00e9r\u00e9s \u00e0 l&#8217;acheteur s&#8217;il est en retard dans l&#8217;acceptation.<br \/>6.2 Si l&#8217;acheteur n&#8217;est pas un consommateur, les risques sont transf\u00e9r\u00e9s \u00e0 l&#8217;acheteur lors de la remise des marchandises \u00e0 la personne effectuant le transport.  <br \/><strong>7. Prix, conditions de paiement, frais de livraison pour les retours, facture<\/strong><br \/>7.1 Les montants indiqu\u00e9s comme prix d&#8217;achat sont, sans exception, des prix d\u00e9finitifs et comprennent tous les \u00e9l\u00e9ments du prix, y compris les taxes applicables (notamment la TVA). Les frais de port seront annonc\u00e9s \u00e0 l&#8217;acheteur sur le site internet lors du passage de la commande.  <br \/>7.2 Le vendeur informe l&#8217;acheteur sur le site Internet des options de paiement sp\u00e9cifiquement disponibles et de leurs conditions. <br \/>7.3 Les livraisons vers les pays hors Union Europ\u00e9enne peuvent entra\u00eener des frais suppl\u00e9mentaires qui doivent \u00eatre support\u00e9s par l&#8217;acheteur. Il s&#8217;agit par exemple des frais de transfert d&#8217;argent via les \u00e9tablissements de cr\u00e9dit, des droits d&#8217;importation ou des taxes (telles que les droits de douane). De tels frais peuvent survenir en relation avec le transfert d&#8217;argent m\u00eame si la livraison n&#8217;a pas lieu dans un pays en dehors de l&#8217;Union europ\u00e9enne, mais que le client effectue le paiement depuis un pays en dehors de l&#8217;Union europ\u00e9enne.  <br \/>7.4 Si le vendeur convient avec l&#8217;acheteur d&#8217;effectuer un transfert anticip\u00e9, le paiement est d\u00fb imm\u00e9diatement apr\u00e8s la conclusion du contrat, \u00e0 moins que les parties n&#8217;aient convenu d&#8217;une date d&#8217;\u00e9ch\u00e9ance ult\u00e9rieure.<br \/>7.5 Vous trouverez de plus amples informations sur les prestataires de services de paiement et les \u00e9tablissements avec lesquels nous travaillons pour le paiement dans notre protection des donn\u00e9es.<br \/>7.6 L&#8217;acheteur ne peut exercer un droit de r\u00e9tention que si sa contre-pr\u00e9tention repose sur la m\u00eame relation contractuelle. <br \/>7.7 L&#8217;acheteur n&#8217;a droit \u00e0 une compensation que si ses demandes reconventionnelles sont incontest\u00e9es par le vendeur ou contest\u00e9es par le vendeur mais ont \u00e9t\u00e9 l\u00e9galement \u00e9tablies. <br \/>7.8 Les frais de livraison pour les retours sont enti\u00e8rement \u00e0 la charge de l&#8217;acheteur.<br \/>7.9 L&#8217;acheteur accepte de recevoir les factures par voie \u00e9lectronique. Les factures \u00e9lectroniques sont fournies au format PDF. Pour chaque livraison, le vendeur indique dans la confirmation d&#8217;exp\u00e9dition si la facture est (uniquement) disponible sous forme \u00e9lectronique.   <br \/><strong>8. Garantie<\/strong><br \/>Les dispositions l\u00e9gales s&#8217;appliquent aux r\u00e9clamations de l&#8217;acheteur contre le vendeur en raison de d\u00e9fauts. <br \/><strong>9. Garantie aux entreprises<\/strong><br \/>9.1 Si l&#8217;acheteur n&#8217;est pas un consommateur, les dispositions suivantes s&#8217;appliquent en plus des dispositions l\u00e9gales de garantie :<br \/>9.2 Si l&#8217;acheteur a droit \u00e0 des r\u00e9clamations en raison d&#8217;un d\u00e9faut, le vendeur est en droit, \u00e0 sa discr\u00e9tion, de rem\u00e9dier au d\u00e9faut gratuitement pour l&#8217;acheteur ou de livrer une marchandise de remplacement sans d\u00e9faut.<br \/>9.3 Les droits \u00e0 la garantie expirent dans les 12 mois \u00e0 compter de la date du transfert des risques. Les droits de la soci\u00e9t\u00e9 restent inchang\u00e9s. Le raccourcissement de la p\u00e9riode de garantie \u00e0 un an ne s&#8217;applique pas non plus si l&#8217;obligation d&#8217;indemnisation est bas\u00e9e sur un dommage corporel ou un dommage \u00e0 la sant\u00e9 d\u00fb \u00e0 un d\u00e9faut dont le vendeur est responsable ou sur une n\u00e9gligence grave de la part du vendeur ou de son agents d&#8217;ex\u00e9cution et\/ou si le d\u00e9faut correspondant a \u00e9t\u00e9 frauduleusement dissimul\u00e9 et\/ou si le vendeur a fourni des garanties particuli\u00e8res sous la forme d&#8217;une garantie du fabricant. Ind\u00e9pendamment de cela, le vendeur est responsable conform\u00e9ment \u00e0 la loi sur la responsabilit\u00e9 du fait des produits.   <br \/><strong>10. Responsabilit\u00e9<\/strong><br \/>10.1 La responsabilit\u00e9 pour tout dommage indirect et cons\u00e9cutif est totalement exclue. La responsabilit\u00e9 pour tout dommage direct est limit\u00e9e au montant du produit achet\u00e9 par le client.<\/p>\n<p>Le client est tenu de signaler imm\u00e9diatement tout dommage \u00e0 l&#8217;entreprise. Toute responsabilit\u00e9 des assistants est totalement exclue.<\/p>\n<p>10.2 Le vendeur n&#8217;est responsable des autres dommages qu&#8217;en cas de violation d&#8217;une obligation dont le respect est essentiel \u00e0 la bonne ex\u00e9cution du contrat et sur le respect de laquelle le partenaire contractuel peut r\u00e9guli\u00e8rement compter (obligation cardinale) et si le dommage est typique et pr\u00e9visible. en raison de l&#8217;utilisation contractuelle des services. Toute responsabilit\u00e9 en vertu de la loi sur la responsabilit\u00e9 du fait des produits reste inchang\u00e9e.  <br \/>10.3 Toute responsabilit\u00e9 du vendeur au-del\u00e0 de ce qui pr\u00e9c\u00e8de est exclue. <br \/><strong>11. R\u00e9serve de propri\u00e9t\u00e9<\/strong><br \/>11.1 Les marchandises restent la propri\u00e9t\u00e9 du vendeur jusqu&#8217;au paiement int\u00e9gral.<br \/>11.2 Si l&#8217;acheteur est un entrepreneur, les dispositions suivantes s&#8217;appliquent : Le vendeur se r\u00e9serve la propri\u00e9t\u00e9 de la marchandise jusqu&#8217;\u00e0 ce que toutes les cr\u00e9ances r\u00e9sultant d&#8217;une relation commerciale en cours soient enti\u00e8rement r\u00e9gl\u00e9es. L&#8217;acheteur peut revendre la marchandise r\u00e9serv\u00e9e dans le cadre d&#8217;une activit\u00e9 commerciale normale ; L&#8217;acheteur c\u00e8de \u00e0 l&#8217;avance toutes les cr\u00e9ances r\u00e9sultant de cette revente &#8211; que la marchandise r\u00e9serv\u00e9e soit combin\u00e9e ou m\u00e9lang\u00e9e \u00e0 un nouvel article &#8211; au vendeur \u00e0 hauteur du montant de la facture, et le vendeur accepte cette cession. L&#8217;acheteur reste autoris\u00e9 \u00e0 recouvrer les cr\u00e9ances, mais le vendeur peut \u00e9galement recouvrer lui-m\u00eame les cr\u00e9ances si l&#8217;acheteur ne respecte pas ses obligations de paiement.   <br \/><strong>12. Dispositions finales<\/strong><br \/>12.1 Le vendeur ne reconna\u00eet aucune condition g\u00e9n\u00e9rale de l&#8217;acheteur qui serait contraire ou s&#8217;\u00e9carterait des pr\u00e9sentes conditions g\u00e9n\u00e9rales de vente et de livraison, \u00e0 moins que leur validit\u00e9 n&#8217;ait \u00e9t\u00e9 express\u00e9ment convenue par \u00e9crit. Les pr\u00e9sentes conditions g\u00e9n\u00e9rales de vente et de livraison s&#8217;appliquent \u00e9galement si le vendeur effectue la livraison \u00e0 l&#8217;acheteur sans r\u00e9serve, m\u00eame s&#8217;il a connaissance de conditions de l&#8217;acheteur qui sont contraires ou s&#8217;\u00e9cartent des pr\u00e9sentes conditions de vente.  <br \/>12.2 Dans les transactions commerciales, les parties conviennent que le for exclusif pour tous les litiges d\u00e9coulant de l&#8217;ex\u00e9cution du pr\u00e9sent contrat est le si\u00e8ge social du vendeur. Le si\u00e8ge social du vendeur est \u00e9galement le lieu de juridiction pour les transactions non commerciales si l&#8217;acheteur ne dispose pas de lieu de juridiction g\u00e9n\u00e9ral en Allemagne ou d\u00e9place son domicile ou sa r\u00e9sidence habituelle en dehors de la R\u00e9publique f\u00e9d\u00e9rale d&#8217;Allemagne apr\u00e8s la conclusion du contrat. Ceci s&#8217;applique \u00e9galement dans le cas o\u00f9 le domicile ou la r\u00e9sidence habituelle de l&#8217;acheteur n&#8217;est pas connu au moment du d\u00e9p\u00f4t de l&#8217;action.<br \/>12.3 La Commission europ\u00e9enne propose une plateforme de r\u00e9solution des litiges en ligne (OS), que vous pouvez trouver ici : <a rel=\"noreferrer noopener\" href=\"http:\/\/ec.europa.eu\/consumers\/odr\/\" target=\"_blank\">http:\/\/ec.europa.eu\/consumers\/odr\/<\/a>. Nous ne sommes ni oblig\u00e9s ni dispos\u00e9s \u00e0 participer \u00e0 une proc\u00e9dure de r\u00e9solution des litiges devant un conseil d&#8217;arbitrage des consommateurs.   <\/p>\n<\/td>\n<\/tr>\n<\/tbody>\n<\/table>\n<p><!--EndFragment--><\/p>\n<p>[\/et_pb_text][\/et_pb_column][\/et_pb_row][\/et_pb_section]<\/p>\n","protected":false},"excerpt":{"rendered":"<p>&nbsp; Conditions g\u00e9n\u00e9rales de vente et de livraison &nbsp; Kontaktadresse:Laciga Innovation GmbHRebackerstrasse 73210 KerzersSuisseE-Mail info(at)shop4well.eu ci-apr\u00e8s d\u00e9nomm\u00e9 \u00ab Vendeur \u00bb. 1. Port\u00e9e1.1 Les conditions de vente et de livraison suivantes, que vous (ci-apr\u00e8s \u00e9galement d\u00e9nomm\u00e9 \u00ab acheteur \u00bb) acceptez en passant votre commande via le site Internet \u00ab www.shop4well.eu \u00bb (ci-apr\u00e8s \u00ab site Internet \u00bb), [&hellip;]<\/p>\n","protected":false},"author":1,"featured_media":0,"parent":0,"menu_order":0,"comment_status":"closed","ping_status":"closed","template":"","meta":{"_et_pb_use_builder":"on","_et_pb_old_content":"","_et_gb_content_width":"","footnotes":""},"class_list":["post-3487","page","type-page","status-publish","hentry"],"yoast_head":"<!-- This site is optimized with the Yoast SEO plugin v26.6 - https:\/\/yoast.com\/wordpress\/plugins\/seo\/ -->\n<title>Shop4well<\/title>\n<meta name=\"description\" content=\"Shop4well boutique de suppl\u00e9ments nutritionnels. Conditions g\u00e9n\u00e9rales de vente\" \/>\n<meta name=\"robots\" content=\"index, follow, max-snippet:-1, max-image-preview:large, max-video-preview:-1\" \/>\n<link rel=\"canonical\" href=\"https:\/\/www.shop4well.eu\/fr\/agb\/\" \/>\n<meta property=\"og:locale\" content=\"fr_FR\" \/>\n<meta property=\"og:type\" content=\"article\" \/>\n<meta property=\"og:title\" content=\"Shop4well\" \/>\n<meta property=\"og:description\" content=\"Shop4well boutique de suppl\u00e9ments nutritionnels. Conditions g\u00e9n\u00e9rales de vente\" \/>\n<meta property=\"og:url\" content=\"https:\/\/www.shop4well.eu\/fr\/agb\/\" \/>\n<meta property=\"og:site_name\" content=\"shop4well\" \/>\n<meta property=\"article:modified_time\" content=\"2025-01-05T15:49:53+00:00\" \/>\n<meta name=\"twitter:card\" content=\"summary_large_image\" \/>\n<meta name=\"twitter:label1\" content=\"Dur\u00e9e de lecture estim\u00e9e\" \/>\n\t<meta name=\"twitter:data1\" content=\"14 minutes\" \/>\n<!-- \/ Yoast SEO plugin. -->","yoast_head_json":{"title":"Shop4well","description":"Shop4well boutique de suppl\u00e9ments nutritionnels. Conditions g\u00e9n\u00e9rales de vente","robots":{"index":"index","follow":"follow","max-snippet":"max-snippet:-1","max-image-preview":"max-image-preview:large","max-video-preview":"max-video-preview:-1"},"canonical":"https:\/\/www.shop4well.eu\/fr\/agb\/","og_locale":"fr_FR","og_type":"article","og_title":"Shop4well","og_description":"Shop4well boutique de suppl\u00e9ments nutritionnels. Conditions g\u00e9n\u00e9rales de vente","og_url":"https:\/\/www.shop4well.eu\/fr\/agb\/","og_site_name":"shop4well","article_modified_time":"2025-01-05T15:49:53+00:00","twitter_card":"summary_large_image","twitter_misc":{"Dur\u00e9e de lecture estim\u00e9e":"14 minutes"},"schema":{"@context":"https:\/\/schema.org","@graph":[{"@type":"WebPage","@id":"https:\/\/www.shop4well.eu\/fr\/agb\/","url":"https:\/\/www.shop4well.eu\/fr\/agb\/","name":"Shop4well","isPartOf":{"@id":"https:\/\/www.shop4well.eu\/#website"},"datePublished":"2021-06-17T17:58:41+00:00","dateModified":"2025-01-05T15:49:53+00:00","description":"Shop4well boutique de suppl\u00e9ments nutritionnels. Conditions g\u00e9n\u00e9rales de vente","breadcrumb":{"@id":"https:\/\/www.shop4well.eu\/fr\/agb\/#breadcrumb"},"inLanguage":"fr-FR","potentialAction":[{"@type":"ReadAction","target":["https:\/\/www.shop4well.eu\/fr\/agb\/"]}]},{"@type":"BreadcrumbList","@id":"https:\/\/www.shop4well.eu\/fr\/agb\/#breadcrumb","itemListElement":[{"@type":"ListItem","position":1,"name":"Startseite","item":"https:\/\/www.shop4well.eu\/"},{"@type":"ListItem","position":2,"name":"Termes et conditions"}]},{"@type":"WebSite","@id":"https:\/\/www.shop4well.eu\/#website","url":"https:\/\/www.shop4well.eu\/","name":"shop4well","description":"Shop f\u00fcr Nahrungserg\u00e4nungsmittel - nutritional supplements","publisher":{"@id":"https:\/\/www.shop4well.eu\/#organization"},"potentialAction":[{"@type":"SearchAction","target":{"@type":"EntryPoint","urlTemplate":"https:\/\/www.shop4well.eu\/?s={search_term_string}"},"query-input":{"@type":"PropertyValueSpecification","valueRequired":true,"valueName":"search_term_string"}}],"inLanguage":"fr-FR"},{"@type":"Organization","@id":"https:\/\/www.shop4well.eu\/#organization","name":"shop4well.com","url":"https:\/\/www.shop4well.eu\/","logo":{"@type":"ImageObject","inLanguage":"fr-FR","@id":"https:\/\/www.shop4well.eu\/#\/schema\/logo\/image\/","url":"https:\/\/www.shop4well.eu\/wp-content\/uploads\/2019\/06\/logo_shop4well.png","contentUrl":"https:\/\/www.shop4well.eu\/wp-content\/uploads\/2019\/06\/logo_shop4well.png","width":258,"height":145,"caption":"shop4well.com"},"image":{"@id":"https:\/\/www.shop4well.eu\/#\/schema\/logo\/image\/"}}]}},"jetpack_sharing_enabled":true,"_links":{"self":[{"href":"https:\/\/www.shop4well.eu\/fr\/wp-json\/wp\/v2\/pages\/3487","targetHints":{"allow":["GET"]}}],"collection":[{"href":"https:\/\/www.shop4well.eu\/fr\/wp-json\/wp\/v2\/pages"}],"about":[{"href":"https:\/\/www.shop4well.eu\/fr\/wp-json\/wp\/v2\/types\/page"}],"author":[{"embeddable":true,"href":"https:\/\/www.shop4well.eu\/fr\/wp-json\/wp\/v2\/users\/1"}],"replies":[{"embeddable":true,"href":"https:\/\/www.shop4well.eu\/fr\/wp-json\/wp\/v2\/comments?post=3487"}],"version-history":[{"count":7,"href":"https:\/\/www.shop4well.eu\/fr\/wp-json\/wp\/v2\/pages\/3487\/revisions"}],"predecessor-version":[{"id":13325,"href":"https:\/\/www.shop4well.eu\/fr\/wp-json\/wp\/v2\/pages\/3487\/revisions\/13325"}],"wp:attachment":[{"href":"https:\/\/www.shop4well.eu\/fr\/wp-json\/wp\/v2\/media?parent=3487"}],"curies":[{"name":"wp","href":"https:\/\/api.w.org\/{rel}","templated":true}]}}