{"id":13340,"date":"2025-01-05T17:05:24","date_gmt":"2025-01-05T16:05:24","guid":{"rendered":"https:\/\/www.shop4well.eu\/imprimer\/"},"modified":"2025-01-05T17:05:25","modified_gmt":"2025-01-05T16:05:25","slug":"imprimer","status":"publish","type":"page","link":"https:\/\/www.shop4well.eu\/fr\/imprimer\/","title":{"rendered":"imprimer"},"content":{"rendered":"<p>[et_pb_section fb_built=&#8221;1&#8243; admin_label=&#8221;section&#8221; _builder_version=&#8221;4.16&#8243; global_colors_info=&#8221;{}&#8221;][et_pb_row admin_label=&#8221;rang\u00e9e&#8221; _builder_version=&#8221;4.16&#8243; background_size=&#8221;initial&#8221; background_position=&#8221;top_left&#8221; background_repeat=&#8221;repeat&#8221; global_colors_info=&#8221;{}&#8221;][et_pb_column type=&#8221;4_4&#8243; _builder_version=&#8221;4.16&#8243; custom_padding=&#8221;|||&#8221; global_colors_info=&#8221;{}&#8221; custom_padding__hover=&#8221;|||&#8221;][et_pb_text admin_label=&#8221;Text&#8221; _builder_version=&#8221;4.24.2&#8243; background_size=&#8221;initial&#8221; background_position=&#8221;top_left&#8221; background_repeat=&#8221;repeat&#8221; hover_enabled=&#8221;0&#8243; global_colors_info=&#8221;{}&#8221; sticky_enabled=&#8221;0&#8243;]<\/p>\n<div id=\"et-main-area\">\n<div id=\"main-content\">\n<article id=\"post-155\" class=\"post-155 page type-page status-publish hentry\">\n<div class=\"entry-content\">\n<div class=\"et-l et-l--post\">\n<div class=\"et_builder_inner_content et_pb_gutters3\">\n<p><strong>Adresse de contact<\/strong><br \/>Laciga Innovation GmbH<br \/>Rebackerstrasse 7, 3210 Kerzers<br \/>Suisse<br \/>info(at)shop4well.eu<\/p>\n<p><strong>Conception et conception<\/strong><br \/>Le concept et le design ont \u00e9t\u00e9 r\u00e9alis\u00e9s par Laciga Innovation GmbH<\/p>\n<p><strong>Programmierung &amp; CMS<\/strong><br \/>Die Programmierung und das CMS wurde realisiert durch Laciga Innovation GmbH<\/p>\n<p><strong>droit d&#8217;auteur<\/strong><br \/>Les droits d&#8217;auteur des contenus publi\u00e9s sur ce site appartiennent \u00e0 Laciga Innovation GmbH.<\/p>\n<p>Compatibilit\u00e9 des navigateurs Ce site Web est con\u00e7u pour s&#8217;afficher dans les navigateurs Chrome,<br \/>Firefox, Internet Explorer (\u00e0 partir de la version 8), Safari et Opera optimis\u00e9s.<br \/>Si vous utilisez un autre navigateur ou une version obsol\u00e8te, des restrictions fonctionnelles peuvent survenir.<br \/>Si possible, utilisez la derni\u00e8re version de votre navigateur afin de pouvoir utiliser pleinement notre site Internet.<\/p>\n<\/div>\n<\/div>\n<\/div>\n<p>&nbsp;<\/p>\n<\/article>\n<\/div>\n<\/div>\n<p>[\/et_pb_text][\/et_pb_column][\/et_pb_row][\/et_pb_section]<\/p>\n","protected":false},"excerpt":{"rendered":"<p>Adresse de contactLaciga Innovation GmbHRebackerstrasse 7, 3210 KerzersSuisseinfo(at)shop4well.eu Conception et conceptionLe concept et le design ont \u00e9t\u00e9 r\u00e9alis\u00e9s par Laciga Innovation GmbH Programmierung &amp; CMSDie Programmierung und das CMS wurde realisiert durch Laciga Innovation GmbH droit d&#8217;auteurLes droits d&#8217;auteur des contenus publi\u00e9s sur ce site appartiennent \u00e0 Laciga Innovation GmbH. Compatibilit\u00e9 des navigateurs Ce site [&hellip;]<\/p>\n","protected":false},"author":1,"featured_media":0,"parent":0,"menu_order":0,"comment_status":"closed","ping_status":"closed","template":"","meta":{"_et_pb_use_builder":"on","_et_pb_old_content":"","_et_gb_content_width":"","footnotes":""},"class_list":["post-13340","page","type-page","status-publish","hentry"],"yoast_head":"<!-- This site is optimized with the Yoast SEO plugin v26.6 - https:\/\/yoast.com\/wordpress\/plugins\/seo\/ -->\n<title>Shop4well - Impressum<\/title>\n<meta name=\"description\" content=\"Shop4well imprimer\" \/>\n<meta name=\"robots\" content=\"index, follow, max-snippet:-1, max-image-preview:large, max-video-preview:-1\" \/>\n<link rel=\"canonical\" href=\"https:\/\/www.shop4well.eu\/fr\/imprimer\/\" \/>\n<meta property=\"og:locale\" content=\"fr_FR\" \/>\n<meta property=\"og:type\" content=\"article\" \/>\n<meta property=\"og:title\" content=\"Shop4well - Impressum\" \/>\n<meta property=\"og:description\" content=\"Shop4well imprimer\" \/>\n<meta property=\"og:url\" content=\"https:\/\/www.shop4well.eu\/fr\/imprimer\/\" \/>\n<meta property=\"og:site_name\" content=\"shop4well\" \/>\n<meta property=\"article:modified_time\" content=\"2025-01-05T16:05:25+00:00\" \/>\n<meta name=\"twitter:card\" content=\"summary_large_image\" \/>\n<meta name=\"twitter:label1\" content=\"Dur\u00e9e de lecture estim\u00e9e\" \/>\n\t<meta name=\"twitter:data1\" content=\"1 minute\" \/>\n<!-- \/ Yoast SEO plugin. -->","yoast_head_json":{"title":"Shop4well - Impressum","description":"Shop4well imprimer","robots":{"index":"index","follow":"follow","max-snippet":"max-snippet:-1","max-image-preview":"max-image-preview:large","max-video-preview":"max-video-preview:-1"},"canonical":"https:\/\/www.shop4well.eu\/fr\/imprimer\/","og_locale":"fr_FR","og_type":"article","og_title":"Shop4well - Impressum","og_description":"Shop4well imprimer","og_url":"https:\/\/www.shop4well.eu\/fr\/imprimer\/","og_site_name":"shop4well","article_modified_time":"2025-01-05T16:05:25+00:00","twitter_card":"summary_large_image","twitter_misc":{"Dur\u00e9e de lecture estim\u00e9e":"1 minute"},"schema":{"@context":"https:\/\/schema.org","@graph":[{"@type":"WebPage","@id":"https:\/\/www.shop4well.eu\/fr\/imprimer\/","url":"https:\/\/www.shop4well.eu\/fr\/imprimer\/","name":"Shop4well - Impressum","isPartOf":{"@id":"https:\/\/www.shop4well.eu\/#website"},"datePublished":"2025-01-05T16:05:24+00:00","dateModified":"2025-01-05T16:05:25+00:00","description":"Shop4well imprimer","breadcrumb":{"@id":"https:\/\/www.shop4well.eu\/fr\/imprimer\/#breadcrumb"},"inLanguage":"fr-FR","potentialAction":[{"@type":"ReadAction","target":["https:\/\/www.shop4well.eu\/fr\/imprimer\/"]}]},{"@type":"BreadcrumbList","@id":"https:\/\/www.shop4well.eu\/fr\/imprimer\/#breadcrumb","itemListElement":[{"@type":"ListItem","position":1,"name":"Startseite","item":"https:\/\/www.shop4well.eu\/"},{"@type":"ListItem","position":2,"name":"imprimer"}]},{"@type":"WebSite","@id":"https:\/\/www.shop4well.eu\/#website","url":"https:\/\/www.shop4well.eu\/","name":"shop4well","description":"Shop f\u00fcr Nahrungserg\u00e4nungsmittel - nutritional supplements","publisher":{"@id":"https:\/\/www.shop4well.eu\/#organization"},"potentialAction":[{"@type":"SearchAction","target":{"@type":"EntryPoint","urlTemplate":"https:\/\/www.shop4well.eu\/?s={search_term_string}"},"query-input":{"@type":"PropertyValueSpecification","valueRequired":true,"valueName":"search_term_string"}}],"inLanguage":"fr-FR"},{"@type":"Organization","@id":"https:\/\/www.shop4well.eu\/#organization","name":"shop4well.com","url":"https:\/\/www.shop4well.eu\/","logo":{"@type":"ImageObject","inLanguage":"fr-FR","@id":"https:\/\/www.shop4well.eu\/#\/schema\/logo\/image\/","url":"https:\/\/www.shop4well.eu\/wp-content\/uploads\/2019\/06\/logo_shop4well.png","contentUrl":"https:\/\/www.shop4well.eu\/wp-content\/uploads\/2019\/06\/logo_shop4well.png","width":258,"height":145,"caption":"shop4well.com"},"image":{"@id":"https:\/\/www.shop4well.eu\/#\/schema\/logo\/image\/"}}]}},"jetpack_sharing_enabled":true,"_links":{"self":[{"href":"https:\/\/www.shop4well.eu\/fr\/wp-json\/wp\/v2\/pages\/13340","targetHints":{"allow":["GET"]}}],"collection":[{"href":"https:\/\/www.shop4well.eu\/fr\/wp-json\/wp\/v2\/pages"}],"about":[{"href":"https:\/\/www.shop4well.eu\/fr\/wp-json\/wp\/v2\/types\/page"}],"author":[{"embeddable":true,"href":"https:\/\/www.shop4well.eu\/fr\/wp-json\/wp\/v2\/users\/1"}],"replies":[{"embeddable":true,"href":"https:\/\/www.shop4well.eu\/fr\/wp-json\/wp\/v2\/comments?post=13340"}],"version-history":[{"count":2,"href":"https:\/\/www.shop4well.eu\/fr\/wp-json\/wp\/v2\/pages\/13340\/revisions"}],"predecessor-version":[{"id":13342,"href":"https:\/\/www.shop4well.eu\/fr\/wp-json\/wp\/v2\/pages\/13340\/revisions\/13342"}],"wp:attachment":[{"href":"https:\/\/www.shop4well.eu\/fr\/wp-json\/wp\/v2\/media?parent=13340"}],"curies":[{"name":"wp","href":"https:\/\/api.w.org\/{rel}","templated":true}]}}