{"id":13329,"date":"2025-01-05T16:53:47","date_gmt":"2025-01-05T15:53:47","guid":{"rendered":"https:\/\/www.shop4well.eu\/conditions-dexpedition-et-moyens-de-paiement\/"},"modified":"2025-01-05T16:53:49","modified_gmt":"2025-01-05T15:53:49","slug":"conditions-dexpedition-et-moyens-de-paiement","status":"publish","type":"page","link":"https:\/\/www.shop4well.eu\/fr\/conditions-dexpedition-et-moyens-de-paiement\/","title":{"rendered":"Conditions d&#8217;exp\u00e9dition et moyens de paiement"},"content":{"rendered":"<p>[et_pb_section fb_built=&#8221;1&#8243; admin_label=&#8221;section&#8221; _builder_version=&#8221;4.16&#8243; global_colors_info=&#8221;{}&#8221;][et_pb_row admin_label=&#8221;rang\u00e9e&#8221; _builder_version=&#8221;4.16&#8243; background_size=&#8221;initial&#8221; background_position=&#8221;top_left&#8221; background_repeat=&#8221;repeat&#8221; global_colors_info=&#8221;{}&#8221;][et_pb_column type=&#8221;4_4&#8243; _builder_version=&#8221;4.16&#8243; custom_padding=&#8221;|||&#8221; global_colors_info=&#8221;{}&#8221; custom_padding__hover=&#8221;|||&#8221;][et_pb_text admin_label=&#8221;Text&#8221; _builder_version=&#8221;4.16&#8243; background_size=&#8221;initial&#8221; background_position=&#8221;top_left&#8221; background_repeat=&#8221;repeat&#8221; global_colors_info=&#8221;{}&#8221;]<\/p>\n<h4>1. Conditions d&#8217;exp\u00e9dition<\/h4>\n<p>L&#8217;exp\u00e9dition est gratuite. Il n&#8217;y a pas de frais de douane pour les exp\u00e9ditions vers les pays de l&#8217;Union europ\u00e9enne.<br \/>Lors d&#8217;une exp\u00e9dition vers des pays hors de l&#8217;Union europ\u00e9enne, des frais d&#8217;exp\u00e9dition suppl\u00e9mentaires peuvent s&#8217;appliquer.<br \/>Des frais de douane suppl\u00e9mentaires apparaissent, qui sont \u00e0 la charge de l&#8217;acheteur.<\/p>\n<p>&nbsp;<\/p>\n<h4>2. Moyens de paiement<\/h4>\n<p>Les options de paiement suivantes sont actuellement disponibles pour vous.<br \/>Mastercard, Visa, PAYPAL, paiement anticip\u00e9 (virement bancaire)<\/p>\n<p>&nbsp;<\/p>\n<p>&nbsp;<\/p>\n<p>[\/et_pb_text][\/et_pb_column][\/et_pb_row][\/et_pb_section]<\/p>\n","protected":false},"excerpt":{"rendered":"<p>1. Conditions d&#8217;exp\u00e9dition L&#8217;exp\u00e9dition est gratuite. Il n&#8217;y a pas de frais de douane pour les exp\u00e9ditions vers les pays de l&#8217;Union europ\u00e9enne.Lors d&#8217;une exp\u00e9dition vers des pays hors de l&#8217;Union europ\u00e9enne, des frais d&#8217;exp\u00e9dition suppl\u00e9mentaires peuvent s&#8217;appliquer.Des frais de douane suppl\u00e9mentaires apparaissent, qui sont \u00e0 la charge de l&#8217;acheteur. &nbsp; 2. Moyens de paiement [&hellip;]<\/p>\n","protected":false},"author":1,"featured_media":0,"parent":0,"menu_order":0,"comment_status":"closed","ping_status":"closed","template":"","meta":{"_et_pb_use_builder":"on","_et_pb_old_content":"","_et_gb_content_width":"","footnotes":""},"class_list":["post-13329","page","type-page","status-publish","hentry"],"yoast_head":"<!-- This site is optimized with the Yoast SEO plugin v26.6 - https:\/\/yoast.com\/wordpress\/plugins\/seo\/ -->\n<title>Shop4well - DMSO, Magnesium, CDL (Chlordioxid), Vitamin D3, Vitamin K2, Borax (Bor)<\/title>\n<meta name=\"description\" content=\"Shop4well shop f\u00fcr Nahrungserg\u00e4nzung. Viele Substanzen wie DMSO, verschiedenen Magnesiumformen, Sprays, CDL (Chlordioxid), Vitamin D3, Vitamin K2, Borax (Bor) und vieles mehr.\" \/>\n<meta name=\"robots\" content=\"index, follow, max-snippet:-1, max-image-preview:large, max-video-preview:-1\" \/>\n<link rel=\"canonical\" href=\"https:\/\/www.shop4well.eu\/fr\/conditions-dexpedition-et-moyens-de-paiement\/\" \/>\n<meta property=\"og:locale\" content=\"fr_FR\" \/>\n<meta property=\"og:type\" content=\"article\" \/>\n<meta property=\"og:title\" content=\"Shop4well - DMSO, Magnesium, CDL (Chlordioxid), Vitamin D3, Vitamin K2, Borax (Bor)\" \/>\n<meta property=\"og:description\" content=\"Shop4well shop f\u00fcr Nahrungserg\u00e4nzung. Viele Substanzen wie DMSO, verschiedenen Magnesiumformen, Sprays, CDL (Chlordioxid), Vitamin D3, Vitamin K2, Borax (Bor) und vieles mehr.\" \/>\n<meta property=\"og:url\" content=\"https:\/\/www.shop4well.eu\/fr\/conditions-dexpedition-et-moyens-de-paiement\/\" \/>\n<meta property=\"og:site_name\" content=\"shop4well\" \/>\n<meta property=\"article:modified_time\" content=\"2025-01-05T15:53:49+00:00\" \/>\n<meta name=\"twitter:card\" content=\"summary_large_image\" \/>\n<meta name=\"twitter:label1\" content=\"Dur\u00e9e de lecture estim\u00e9e\" \/>\n\t<meta name=\"twitter:data1\" content=\"1 minute\" \/>\n<!-- \/ Yoast SEO plugin. -->","yoast_head_json":{"title":"Shop4well - DMSO, Magnesium, CDL (Chlordioxid), Vitamin D3, Vitamin K2, Borax (Bor)","description":"Shop4well shop f\u00fcr Nahrungserg\u00e4nzung. Viele Substanzen wie DMSO, verschiedenen Magnesiumformen, Sprays, CDL (Chlordioxid), Vitamin D3, Vitamin K2, Borax (Bor) und vieles mehr.","robots":{"index":"index","follow":"follow","max-snippet":"max-snippet:-1","max-image-preview":"max-image-preview:large","max-video-preview":"max-video-preview:-1"},"canonical":"https:\/\/www.shop4well.eu\/fr\/conditions-dexpedition-et-moyens-de-paiement\/","og_locale":"fr_FR","og_type":"article","og_title":"Shop4well - DMSO, Magnesium, CDL (Chlordioxid), Vitamin D3, Vitamin K2, Borax (Bor)","og_description":"Shop4well shop f\u00fcr Nahrungserg\u00e4nzung. Viele Substanzen wie DMSO, verschiedenen Magnesiumformen, Sprays, CDL (Chlordioxid), Vitamin D3, Vitamin K2, Borax (Bor) und vieles mehr.","og_url":"https:\/\/www.shop4well.eu\/fr\/conditions-dexpedition-et-moyens-de-paiement\/","og_site_name":"shop4well","article_modified_time":"2025-01-05T15:53:49+00:00","twitter_card":"summary_large_image","twitter_misc":{"Dur\u00e9e de lecture estim\u00e9e":"1 minute"},"schema":{"@context":"https:\/\/schema.org","@graph":[{"@type":"WebPage","@id":"https:\/\/www.shop4well.eu\/fr\/conditions-dexpedition-et-moyens-de-paiement\/","url":"https:\/\/www.shop4well.eu\/fr\/conditions-dexpedition-et-moyens-de-paiement\/","name":"Shop4well - DMSO, Magnesium, CDL (Chlordioxid), Vitamin D3, Vitamin K2, Borax (Bor)","isPartOf":{"@id":"https:\/\/www.shop4well.eu\/#website"},"datePublished":"2025-01-05T15:53:47+00:00","dateModified":"2025-01-05T15:53:49+00:00","description":"Shop4well shop f\u00fcr Nahrungserg\u00e4nzung. Viele Substanzen wie DMSO, verschiedenen Magnesiumformen, Sprays, CDL (Chlordioxid), Vitamin D3, Vitamin K2, Borax (Bor) und vieles mehr.","breadcrumb":{"@id":"https:\/\/www.shop4well.eu\/fr\/conditions-dexpedition-et-moyens-de-paiement\/#breadcrumb"},"inLanguage":"fr-FR","potentialAction":[{"@type":"ReadAction","target":["https:\/\/www.shop4well.eu\/fr\/conditions-dexpedition-et-moyens-de-paiement\/"]}]},{"@type":"BreadcrumbList","@id":"https:\/\/www.shop4well.eu\/fr\/conditions-dexpedition-et-moyens-de-paiement\/#breadcrumb","itemListElement":[{"@type":"ListItem","position":1,"name":"Startseite","item":"https:\/\/www.shop4well.eu\/"},{"@type":"ListItem","position":2,"name":"Conditions d&#8217;exp\u00e9dition et moyens de paiement"}]},{"@type":"WebSite","@id":"https:\/\/www.shop4well.eu\/#website","url":"https:\/\/www.shop4well.eu\/","name":"shop4well","description":"Shop f\u00fcr Nahrungserg\u00e4nungsmittel - nutritional supplements","publisher":{"@id":"https:\/\/www.shop4well.eu\/#organization"},"potentialAction":[{"@type":"SearchAction","target":{"@type":"EntryPoint","urlTemplate":"https:\/\/www.shop4well.eu\/?s={search_term_string}"},"query-input":{"@type":"PropertyValueSpecification","valueRequired":true,"valueName":"search_term_string"}}],"inLanguage":"fr-FR"},{"@type":"Organization","@id":"https:\/\/www.shop4well.eu\/#organization","name":"shop4well.com","url":"https:\/\/www.shop4well.eu\/","logo":{"@type":"ImageObject","inLanguage":"fr-FR","@id":"https:\/\/www.shop4well.eu\/#\/schema\/logo\/image\/","url":"https:\/\/www.shop4well.eu\/wp-content\/uploads\/2019\/06\/logo_shop4well.png","contentUrl":"https:\/\/www.shop4well.eu\/wp-content\/uploads\/2019\/06\/logo_shop4well.png","width":258,"height":145,"caption":"shop4well.com"},"image":{"@id":"https:\/\/www.shop4well.eu\/#\/schema\/logo\/image\/"}}]}},"jetpack_sharing_enabled":true,"_links":{"self":[{"href":"https:\/\/www.shop4well.eu\/fr\/wp-json\/wp\/v2\/pages\/13329","targetHints":{"allow":["GET"]}}],"collection":[{"href":"https:\/\/www.shop4well.eu\/fr\/wp-json\/wp\/v2\/pages"}],"about":[{"href":"https:\/\/www.shop4well.eu\/fr\/wp-json\/wp\/v2\/types\/page"}],"author":[{"embeddable":true,"href":"https:\/\/www.shop4well.eu\/fr\/wp-json\/wp\/v2\/users\/1"}],"replies":[{"embeddable":true,"href":"https:\/\/www.shop4well.eu\/fr\/wp-json\/wp\/v2\/comments?post=13329"}],"version-history":[{"count":2,"href":"https:\/\/www.shop4well.eu\/fr\/wp-json\/wp\/v2\/pages\/13329\/revisions"}],"predecessor-version":[{"id":13331,"href":"https:\/\/www.shop4well.eu\/fr\/wp-json\/wp\/v2\/pages\/13329\/revisions\/13331"}],"wp:attachment":[{"href":"https:\/\/www.shop4well.eu\/fr\/wp-json\/wp\/v2\/media?parent=13329"}],"curies":[{"name":"wp","href":"https:\/\/api.w.org\/{rel}","templated":true}]}}